{"id":498,"date":"2021-08-15T14:06:44","date_gmt":"2021-08-15T14:06:44","guid":{"rendered":"https:\/\/www.sablone.fr\/1\/?post_type=product&#038;p=498"},"modified":"2021-09-04T05:56:50","modified_gmt":"2021-09-04T05:56:50","slug":"terra-server-7220-g3","status":"publish","type":"product","link":"http:\/\/www.sablone.fr\/1\/produit\/terra-server-7220-g3\/","title":{"rendered":"TERRA SERVER 7220 G3"},"content":{"rendered":"<table id=\"ctl00_ctl00_ctl00_SiteContent_SiteContent_SiteContent_articleFeatureDisplayDetails_gridViewProductAttributes\" class=\"table table-condensed\" border=\"0\" cellspacing=\"0\">\n<tbody>\n<tr>\n<td><strong>Processeur<\/strong><\/td>\n<\/tr>\n<tr>\n<td class=\"col-xs-3\">Famille de processeur<\/td>\n<td>2-CPU \/ Xeon SP<\/td>\n<\/tr>\n<tr>\n<td class=\"col-xs-3\">Fr\u00e9quence du processeur<\/td>\n<td>2.1 GHz<\/td>\n<\/tr>\n<tr>\n<td class=\"col-xs-3\">Nombre de processeurs<\/td>\n<td>1<\/td>\n<\/tr>\n<tr>\n<td class=\"col-xs-3\">Type de bus<\/td>\n<td>9.6 GT\/s<\/td>\n<\/tr>\n<tr>\n<td class=\"col-xs-3\">Cache L2<\/td>\n<td>11 Mo<\/td>\n<\/tr>\n<tr>\n<td class=\"col-xs-3\">Nombre max. de processeurs SMP<\/td>\n<td>2<\/td>\n<\/tr>\n<tr>\n<td class=\"col-xs-3\">Socket de processeur (r\u00e9ceptable de processeur)<\/td>\n<td>LGA3647-0<\/td>\n<\/tr>\n<tr>\n<td class=\"col-xs-3\">Carte m\u00e8re chipset<\/td>\n<td>Intel C624<\/td>\n<\/tr>\n<tr>\n<td class=\"col-xs-3\"><\/td>\n<td><strong>G\u00e9n\u00e9ral<\/strong><\/td>\n<\/tr>\n<tr>\n<td class=\"col-xs-3\">Mod\u00e8le de processeur<\/td>\n<td>Intel Xeon Silver 4208 \/ 2.1 GHz<\/td>\n<\/tr>\n<tr>\n<td class=\"col-xs-3\">Syst\u00e8me d&rsquo;exploitation<\/td>\n<td>Sans Systeme<\/td>\n<\/tr>\n<tr>\n<td class=\"col-xs-3\"><\/td>\n<td><strong>repr\u00e9sentation \/ r\u00e9alisation<\/strong><\/td>\n<\/tr>\n<tr>\n<td class=\"col-xs-3\">position de march\u00e9<\/td>\n<td>SERVER 7000 Serie<\/td>\n<\/tr>\n<tr>\n<td class=\"col-xs-3\">Syst\u00e8mes d&rsquo;exploitation compatibles<\/td>\n<td>Windows Server 2019<br \/>\nWindows Server 2016<br \/>\nWindows Server 2012 R2<br \/>\nVMware ESXi 7.0<br \/>\nVMware ESXi 6.7<br \/>\nVMware ESXi 6.5<br \/>\nVMware ESXi 6.0<\/td>\n<\/tr>\n<tr>\n<td class=\"col-xs-3\">Quantit\u00e9 de canaux<\/td>\n<td>8<\/td>\n<\/tr>\n<tr>\n<td class=\"col-xs-3\"><\/td>\n<td><strong>M\u00e9moire<\/strong><\/td>\n<\/tr>\n<tr>\n<td class=\"col-xs-3\">M\u00e9moire interne<\/td>\n<td>32 Go<\/td>\n<\/tr>\n<tr>\n<td class=\"col-xs-3\">M\u00e9moire interne maximale<\/td>\n<td>3072 Go<\/td>\n<\/tr>\n<tr>\n<td class=\"col-xs-3\">Type de m\u00e9moire interne<\/td>\n<td>REG DDR4 DIMM avec ECC<\/td>\n<\/tr>\n<tr>\n<td class=\"col-xs-3\">Emplacements m\u00e9moire<\/td>\n<td>24x DDR4 PC2666, REG ECC<\/td>\n<\/tr>\n<tr>\n<td class=\"col-xs-3\">Canaux de m\u00e9moire<\/td>\n<td>Six-Channel-Memory-Architecture<\/td>\n<\/tr>\n<tr>\n<td class=\"col-xs-3\"><\/td>\n<td><strong>Support de stockage<\/strong><\/td>\n<\/tr>\n<tr>\n<td class=\"col-xs-3\">Lecteur optique<\/td>\n<td>Slim DVD\u00b1RW\/\u00b1R<\/td>\n<\/tr>\n<tr>\n<td class=\"col-xs-3\">Niveaux RAID<\/td>\n<td>En option<\/td>\n<\/tr>\n<tr>\n<td class=\"col-xs-3\">Nombre de lecteurs de stockage install\u00e9s<\/td>\n<td>Sans HDD(s) \/ SSD(s)<\/td>\n<\/tr>\n<tr>\n<td class=\"col-xs-3\">Baies internes<\/td>\n<td>8x 2.5&Prime; Optional 24x 2.5&Prime;<\/td>\n<\/tr>\n<tr>\n<td class=\"col-xs-3\">Lecteur, dimension buffer<\/td>\n<td>1 Go<\/td>\n<\/tr>\n<tr>\n<td class=\"col-xs-3\">Capacit\u00e9 totale de stockage<\/td>\n<td>En option<\/td>\n<\/tr>\n<tr>\n<td class=\"col-xs-3\">Capacit\u00e9 disque dur<\/td>\n<td>En option<\/td>\n<\/tr>\n<tr>\n<td class=\"col-xs-3\">Type de support de stockage<\/td>\n<td>En option<\/td>\n<\/tr>\n<tr>\n<td class=\"col-xs-3\">Interface du disque dur<\/td>\n<td>SAS 12Gb\/s<\/td>\n<\/tr>\n<tr>\n<td class=\"col-xs-3\"><\/td>\n<td><strong>Design<\/strong><\/td>\n<\/tr>\n<tr>\n<td class=\"col-xs-3\">Certification<\/td>\n<td>Ce, production selon ISO9001 en Allemagne<\/td>\n<\/tr>\n<tr>\n<td class=\"col-xs-3\">Grille de montage<\/td>\n<td>2<\/td>\n<\/tr>\n<tr>\n<td class=\"col-xs-3\">Type de ch\u00e2ssis<\/td>\n<td>Rack<\/td>\n<\/tr>\n<tr>\n<td class=\"col-xs-3\"><\/td>\n<td><strong>Puissance<\/strong><\/td>\n<\/tr>\n<tr>\n<td class=\"col-xs-3\">Nombre de blocs d&rsquo;alimentation redondants pris en charge<\/td>\n<td>2<\/td>\n<\/tr>\n<tr>\n<td class=\"col-xs-3\">Nombre d&rsquo;alimentations redondantes install\u00e9es<\/td>\n<td>2<\/td>\n<\/tr>\n<tr>\n<td class=\"col-xs-3\">Source d&rsquo;alimentation<\/td>\n<td>Power supply &#8211; redundant<\/td>\n<\/tr>\n<tr>\n<td class=\"col-xs-3\">Alimentation redondante (RPS)<\/td>\n<td>Oui<\/td>\n<\/tr>\n<tr>\n<td class=\"col-xs-3\">Puissance d&rsquo;alimentation max.<\/td>\n<td>1300 W<\/td>\n<\/tr>\n<tr>\n<td class=\"col-xs-3\"><\/td>\n<td><strong>Souris<\/strong><\/td>\n<\/tr>\n<tr>\n<td class=\"col-xs-3\">Souris incluse<\/td>\n<td>Option<\/td>\n<\/tr>\n<tr>\n<td class=\"col-xs-3\"><\/td>\n<td><strong>Clavier<\/strong><\/td>\n<\/tr>\n<tr>\n<td class=\"col-xs-3\">Facteur de forme du clavier<\/td>\n<td>Option<\/td>\n<\/tr>\n<tr>\n<td class=\"col-xs-3\"><\/td>\n<td><strong>R\u00e9seau<\/strong><\/td>\n<\/tr>\n<tr>\n<td class=\"col-xs-3\">Ethernet (LAN)<\/td>\n<td>Int\u00e9gr\u00e9<\/td>\n<\/tr>\n<tr>\n<td class=\"col-xs-3\">Technologie de cabl\u00e2ge<\/td>\n<td>S2600WFT: 2x 1000\/10000<br \/>\nS2600WF0: optional<\/td>\n<\/tr>\n<tr>\n<td class=\"col-xs-3\"><\/td>\n<td><strong>Autres caract\u00e9ristiques<\/strong><\/td>\n<\/tr>\n<tr>\n<td class=\"col-xs-3\">Nombre de logements de disque<\/td>\n<td>Riser Slot 1:<br \/>\n2x PCIe 3.0 x8 (x16 Connector) (CPU1)<br \/>\n1x PCIe 3.0 x8 (CPU2)<br \/>\nRiser Slot 2:<br \/>\n2x PCIe 3.0 x8 (x16 Connector) (CPU2)<br \/>\n1x PCIe 3.0 x8 (CPU2)<br \/>\nRiser Slot 3:<br \/>\n1x PCIe 3.0 x4 (x8 Connector) (CPU2)<br \/>\n1x PCIe 3.0 x8 (CPU2)<\/td>\n<\/tr>\n<tr>\n<td class=\"col-xs-3\">Baies de lecteurs<\/td>\n<td>1 x Slim 5,25&Prime;<\/td>\n<\/tr>\n<tr>\n<td class=\"col-xs-3\">Carte m\u00e8re fabricant<\/td>\n<td>Intel S2600WF (Wolf Pass)<\/td>\n<\/tr>\n<tr>\n<td class=\"col-xs-3\">Administration \u00e0 distance<\/td>\n<td>Oui<\/td>\n<\/tr>\n<tr>\n<td class=\"col-xs-3\">Contr\u00f4leur de disque dur<\/td>\n<td>Broadcom MegaRAID 9361-8i<\/td>\n<\/tr>\n<tr>\n<td class=\"col-xs-3\"><\/td>\n<td><strong>D\u00e9tails techniques<\/strong><\/td>\n<\/tr>\n<tr>\n<td class=\"col-xs-3\">Localisation<\/td>\n<td>International<\/td>\n<\/tr>\n<tr>\n<td class=\"col-xs-3\">Service optionnel sur place<\/td>\n<td>Service 24 heures sur site<br \/>\nService 24 heures sur site + DMR + Premium<\/td>\n<\/tr>\n<tr>\n<td class=\"col-xs-3\"><\/td>\n<td><strong>Poids et dimensions<\/strong><\/td>\n<\/tr>\n<tr>\n<td class=\"col-xs-3\">Hauteur<\/td>\n<td>8.9 cm<\/td>\n<\/tr>\n<tr>\n<td class=\"col-xs-3\">Largeur<\/td>\n<td>43.9 cm<\/td>\n<\/tr>\n<tr>\n<td class=\"col-xs-3\">Profondeur<\/td>\n<td>71.2 cm<\/td>\n<\/tr>\n<tr>\n<td class=\"col-xs-3\">Poids<\/td>\n<td>25.5<\/td>\n<\/tr>\n<tr>\n<td class=\"col-xs-3\"><\/td>\n<td><strong>Refroidissement<\/strong><\/td>\n<\/tr>\n<tr>\n<td class=\"col-xs-3\">Type de refroidissement<\/td>\n<td>Actif<\/td>\n<\/tr>\n<tr>\n<td class=\"col-xs-3\"><\/td>\n<td><strong>Graphique<\/strong><\/td>\n<\/tr>\n<tr>\n<td class=\"col-xs-3\">Quantit\u00e9 de ports de la carte graphique<\/td>\n<td>VGA<\/td>\n<\/tr>\n<tr>\n<td class=\"col-xs-3\">Taille de la m\u00e9moire vid\u00e9o<\/td>\n<td>16 Mo<\/td>\n<\/tr>\n<tr>\n<td class=\"col-xs-3\">Adaptateur graphique<\/td>\n<td>Integrated 2D Graphics Controller<\/td>\n<\/tr>\n<tr>\n<td class=\"col-xs-3\"><\/td>\n<td><strong>Conditions environnementales<\/strong><\/td>\n<\/tr>\n<tr>\n<td class=\"col-xs-3\">Temp\u00e9rature d&rsquo;op\u00e9ration<\/td>\n<td>10 \u00b0C (recommandation : 20 \u00b0C) &#8211; 35 \u00b0C (recommandation : 22 \u00b0C)<\/td>\n<\/tr>\n<tr>\n<td class=\"col-xs-3\">Rang de temp\u00e9rature maximale de fonctionnement<\/td>\n<td>35 \u00b0C (recommandation : 22 \u00b0C)<\/td>\n<\/tr>\n<tr>\n<td class=\"col-xs-3\">Degr\u00e9 d&rsquo;humidit\u00e9 recommand\u00e9 pour utilisation<\/td>\n<td>10 &#8211; 75 % (sans condensation)<\/td>\n<\/tr>\n<\/tbody>\n<\/table>\n","protected":false},"excerpt":{"rendered":"<div id=\"ctl00_ctl00_ctl00_SiteContent_SiteContent_SiteContent_PanelProductDescription\" class=\"row\">\n<div class=\"col-xs-12\">\n<p>Ces syts\u00e8mes serveurs hautement performants sont bas\u00e9s sur la nouvelle plate-forme \u00e9volutive Intel\u00ae Xeon\u00ae et s\u00e9duisent par les 28 coeurs possibles par processeur et jusqu&rsquo;\u00e0 1.5 To m\u00e9moire vive par processeur. La s\u00e9rie TERRA SERVER 7000 G3 regroupe les quatre niveaux de processeur (Bronze, Silver, Gold et Platinium). Ces processeurs fixent de nouvelles r\u00e9f\u00e9rences en convergence de plate-forme et en potentiel de calculs, m\u00e9moire de disque dur, m\u00e9moire vive, r\u00e9seau et s\u00e9curit\u00e9.<\/p>\n<p>Un assistant de d\u00e9ploiement est disponible en option pour tous les serveurs de la s\u00e9rie 7000 pour une installation et une prise en main faciles du serveur.<\/p><\/div>\n<\/div>\n<div id=\"ctl00_ctl00_ctl00_SiteContent_SiteContent_SiteContent_PanelFeatureImages\" class=\"row top-margin\"><\/div>\n","protected":false},"featured_media":499,"comment_status":"closed","ping_status":"closed","template":"","meta":{"spay_email":""},"product_cat":[45],"product_tag":[],"class_list":["post-498","product","type-product","status-publish","has-post-thumbnail","hentry","product_cat-serveurs"],"_links":{"self":[{"href":"http:\/\/www.sablone.fr\/1\/wp-json\/wp\/v2\/product\/498","targetHints":{"allow":["GET"]}}],"collection":[{"href":"http:\/\/www.sablone.fr\/1\/wp-json\/wp\/v2\/product"}],"about":[{"href":"http:\/\/www.sablone.fr\/1\/wp-json\/wp\/v2\/types\/product"}],"replies":[{"embeddable":true,"href":"http:\/\/www.sablone.fr\/1\/wp-json\/wp\/v2\/comments?post=498"}],"wp:featuredmedia":[{"embeddable":true,"href":"http:\/\/www.sablone.fr\/1\/wp-json\/wp\/v2\/media\/499"}],"wp:attachment":[{"href":"http:\/\/www.sablone.fr\/1\/wp-json\/wp\/v2\/media?parent=498"}],"wp:term":[{"taxonomy":"product_cat","embeddable":true,"href":"http:\/\/www.sablone.fr\/1\/wp-json\/wp\/v2\/product_cat?post=498"},{"taxonomy":"product_tag","embeddable":true,"href":"http:\/\/www.sablone.fr\/1\/wp-json\/wp\/v2\/product_tag?post=498"}],"curies":[{"name":"wp","href":"https:\/\/api.w.org\/{rel}","templated":true}]}}