{"id":496,"date":"2021-08-15T14:05:48","date_gmt":"2021-08-15T14:05:48","guid":{"rendered":"https:\/\/www.sablone.fr\/1\/?post_type=product&#038;p=496"},"modified":"2021-09-04T05:56:50","modified_gmt":"2021-09-04T05:56:50","slug":"terra-server-7420-g3","status":"publish","type":"product","link":"http:\/\/www.sablone.fr\/1\/produit\/terra-server-7420-g3\/","title":{"rendered":"TERRA SERVER 7420 G3"},"content":{"rendered":"<table id=\"ctl00_ctl00_ctl00_SiteContent_SiteContent_SiteContent_articleFeatureDisplayDetails_gridViewProductAttributes\" class=\"table table-condensed\" border=\"0\" cellspacing=\"0\">\n<tbody>\n<tr>\n<td><strong>Processeur<\/strong><\/td>\n<\/tr>\n<tr>\n<td class=\"col-xs-3\">Famille de processeur<\/td>\n<td>2-CPU \/ Xeon SP<\/td>\n<\/tr>\n<tr>\n<td class=\"col-xs-3\">Fr\u00e9quence du processeur<\/td>\n<td>2.1 GHz<\/td>\n<\/tr>\n<tr>\n<td class=\"col-xs-3\">Nombre de processeurs<\/td>\n<td>1<\/td>\n<\/tr>\n<tr>\n<td class=\"col-xs-3\">Type de bus<\/td>\n<td>9.6 GT\/s<\/td>\n<\/tr>\n<tr>\n<td class=\"col-xs-3\">Cache L2<\/td>\n<td>11 Mo<\/td>\n<\/tr>\n<tr>\n<td class=\"col-xs-3\">Nombre max. de processeurs SMP<\/td>\n<td>2<\/td>\n<\/tr>\n<tr>\n<td class=\"col-xs-3\">Socket de processeur (r\u00e9ceptable de processeur)<\/td>\n<td>LGA3647-0<\/td>\n<\/tr>\n<tr>\n<td class=\"col-xs-3\">Carte m\u00e8re chipset<\/td>\n<td>Intel C624<\/td>\n<\/tr>\n<tr>\n<td class=\"col-xs-3\"><\/td>\n<td><strong>G\u00e9n\u00e9ral<\/strong><\/td>\n<\/tr>\n<tr>\n<td class=\"col-xs-3\">Mod\u00e8le de processeur<\/td>\n<td>Intel Xeon Silver 4208 \/ 2.1 GHz<\/td>\n<\/tr>\n<tr>\n<td class=\"col-xs-3\">Syst\u00e8me d&rsquo;exploitation<\/td>\n<td>Sans Systeme<\/td>\n<\/tr>\n<tr>\n<td class=\"col-xs-3\"><\/td>\n<td><strong>repr\u00e9sentation \/ r\u00e9alisation<\/strong><\/td>\n<\/tr>\n<tr>\n<td class=\"col-xs-3\">position de march\u00e9<\/td>\n<td>SERVER 7000 Serie<\/td>\n<\/tr>\n<tr>\n<td class=\"col-xs-3\">Syst\u00e8mes d&rsquo;exploitation compatibles<\/td>\n<td>Windows Server 2019<br \/>\nWindows Server 2016<br \/>\nWindows Server 2012 R2<br \/>\nVMware ESXi 7.0<br \/>\nVMware ESXi 6.7<br \/>\nVMware ESXi 6.5<br \/>\nVMware ESXi 6.0<\/td>\n<\/tr>\n<tr>\n<td class=\"col-xs-3\">Quantit\u00e9 de canaux<\/td>\n<td>8<\/td>\n<\/tr>\n<tr>\n<td class=\"col-xs-3\"><\/td>\n<td><strong>M\u00e9moire<\/strong><\/td>\n<\/tr>\n<tr>\n<td class=\"col-xs-3\">M\u00e9moire interne<\/td>\n<td>32 Go<\/td>\n<\/tr>\n<tr>\n<td class=\"col-xs-3\">M\u00e9moire interne maximale<\/td>\n<td>2048<\/td>\n<\/tr>\n<tr>\n<td class=\"col-xs-3\">Type de m\u00e9moire interne<\/td>\n<td>REG DDR4 DIMM avec ECC<\/td>\n<\/tr>\n<tr>\n<td class=\"col-xs-3\">Emplacements m\u00e9moire<\/td>\n<td>16x DDR4 PC2666, REG ECC<\/td>\n<\/tr>\n<tr>\n<td class=\"col-xs-3\">Canaux de m\u00e9moire<\/td>\n<td>Six-Channel-Memory-Architecture<\/td>\n<\/tr>\n<tr>\n<td class=\"col-xs-3\"><\/td>\n<td><strong>Support de stockage<\/strong><\/td>\n<\/tr>\n<tr>\n<td class=\"col-xs-3\">Lecteur optique<\/td>\n<td>DVD\u00b1RW\/\u00b1R<\/td>\n<\/tr>\n<tr>\n<td class=\"col-xs-3\">Niveaux RAID<\/td>\n<td>En option<\/td>\n<\/tr>\n<tr>\n<td class=\"col-xs-3\">Nombre de lecteurs de stockage install\u00e9s<\/td>\n<td>Sans HDD(s) \/ SSD(s)<\/td>\n<\/tr>\n<tr>\n<td class=\"col-xs-3\">Baies internes<\/td>\n<td>8x 2.5&Prime;<br \/>\nen option 16x 2.5&Prime; ou 4x\/8x 3.5&Prime;<\/td>\n<\/tr>\n<tr>\n<td class=\"col-xs-3\">Lecteur, dimension buffer<\/td>\n<td>1 GB<\/td>\n<\/tr>\n<tr>\n<td class=\"col-xs-3\">Capacit\u00e9 totale de stockage<\/td>\n<td>En option<\/td>\n<\/tr>\n<tr>\n<td class=\"col-xs-3\">Type de support de stockage<\/td>\n<td>En option<\/td>\n<\/tr>\n<tr>\n<td class=\"col-xs-3\">Interface du disque dur<\/td>\n<td>SAS 12Gb\/s<\/td>\n<\/tr>\n<tr>\n<td class=\"col-xs-3\"><\/td>\n<td><strong>Design<\/strong><\/td>\n<\/tr>\n<tr>\n<td class=\"col-xs-3\">Grille de montage<\/td>\n<td>4<\/td>\n<\/tr>\n<tr>\n<td class=\"col-xs-3\">Type de ch\u00e2ssis<\/td>\n<td>Pedestal \/ Tower &#8211; optional modifiable<\/td>\n<\/tr>\n<tr>\n<td class=\"col-xs-3\"><\/td>\n<td><strong>Puissance<\/strong><\/td>\n<\/tr>\n<tr>\n<td class=\"col-xs-3\">Nombre de blocs d&rsquo;alimentation redondants pris en charge<\/td>\n<td>2<\/td>\n<\/tr>\n<tr>\n<td class=\"col-xs-3\">Nombre d&rsquo;alimentations redondantes install\u00e9es<\/td>\n<td>2<\/td>\n<\/tr>\n<tr>\n<td class=\"col-xs-3\">Source d&rsquo;alimentation<\/td>\n<td>Power supply &#8211; redundant<\/td>\n<\/tr>\n<tr>\n<td class=\"col-xs-3\">Alimentation redondante (RPS)<\/td>\n<td>Oui<\/td>\n<\/tr>\n<tr>\n<td class=\"col-xs-3\">Puissance d&rsquo;alimentation max.<\/td>\n<td>750 Watt<\/td>\n<\/tr>\n<tr>\n<td class=\"col-xs-3\"><\/td>\n<td><strong>Souris<\/strong><\/td>\n<\/tr>\n<tr>\n<td class=\"col-xs-3\">Souris incluse<\/td>\n<td>Option<\/td>\n<\/tr>\n<tr>\n<td class=\"col-xs-3\"><\/td>\n<td><strong>Clavier<\/strong><\/td>\n<\/tr>\n<tr>\n<td class=\"col-xs-3\">Facteur de forme du clavier<\/td>\n<td>Option<\/td>\n<\/tr>\n<tr>\n<td class=\"col-xs-3\"><\/td>\n<td><strong>R\u00e9seau<\/strong><\/td>\n<\/tr>\n<tr>\n<td class=\"col-xs-3\">Ethernet (LAN)<\/td>\n<td>Int\u00e9gr\u00e9<\/td>\n<\/tr>\n<tr>\n<td class=\"col-xs-3\">Contr\u00f4leur de r\u00e9seau local (LAN)<\/td>\n<td>Dual Port 10 GbE (RJ45) onboard<\/td>\n<\/tr>\n<tr>\n<td class=\"col-xs-3\">Technologie de cabl\u00e2ge<\/td>\n<td>2x 1000\/10000<\/td>\n<\/tr>\n<tr>\n<td class=\"col-xs-3\"><\/td>\n<td><strong>Autres caract\u00e9ristiques<\/strong><\/td>\n<\/tr>\n<tr>\n<td class=\"col-xs-3\">Nombre de logements de disque<\/td>\n<td>Slot 1: PCIe 3.0 x8 (CPU2)<br \/>\nSlot 2: PCIe 3.0 x16 (CPU2)<br \/>\nSlot 3: PCIe 3.0 x8 (CPU2)<br \/>\nSlot 4: PCIe 3.0 x16 (CPU2)<br \/>\nSlot 5: PCIe 3.0 x8 (CPU1)<br \/>\nSlot 6: PCIe 3.0 x16 (CPU1)<\/td>\n<\/tr>\n<tr>\n<td class=\"col-xs-3\">Baies de lecteurs<\/td>\n<td>3x 5.25&Prime; (dont 1 utilis\u00e9)<\/td>\n<\/tr>\n<tr>\n<td class=\"col-xs-3\">Interface<\/td>\n<td>1x VGA<br \/>\n4x USB 3.0 (2x vorne)<br \/>\n2x USB 2.0<br \/>\n2x LAN (RJ-45)<br \/>\n1x Mgmt LAN (RJ-45)<\/td>\n<\/tr>\n<tr>\n<td class=\"col-xs-3\">Carte m\u00e8re fabricant<\/td>\n<td>Intel S2600ST (Sawtooth Pass)<\/td>\n<\/tr>\n<tr>\n<td class=\"col-xs-3\">Administration \u00e0 distance<\/td>\n<td>Oui<\/td>\n<\/tr>\n<tr>\n<td class=\"col-xs-3\">Contr\u00f4leur de disque dur<\/td>\n<td>Broadcom MegaRAID 9361-8i<\/td>\n<\/tr>\n<tr>\n<td class=\"col-xs-3\"><\/td>\n<td><strong>D\u00e9tails techniques<\/strong><\/td>\n<\/tr>\n<tr>\n<td class=\"col-xs-3\">Localisation<\/td>\n<td>International<\/td>\n<\/tr>\n<tr>\n<td class=\"col-xs-3\">Service optionnel sur place<\/td>\n<td>Service 24 heures sur site<br \/>\nService 24 heures sur site + DMR + Premium<\/td>\n<\/tr>\n<tr>\n<td class=\"col-xs-3\"><\/td>\n<td><strong>Poids et dimensions<\/strong><\/td>\n<\/tr>\n<tr>\n<td class=\"col-xs-3\">Hauteur<\/td>\n<td>43.8 cm<\/td>\n<\/tr>\n<tr>\n<td class=\"col-xs-3\">Largeur<\/td>\n<td>17.3 cm<\/td>\n<\/tr>\n<tr>\n<td class=\"col-xs-3\">Profondeur<\/td>\n<td>63.3 cm<\/td>\n<\/tr>\n<tr>\n<td class=\"col-xs-3\">Poids<\/td>\n<td>30 kg<\/td>\n<\/tr>\n<tr>\n<td class=\"col-xs-3\"><\/td>\n<td><strong>Refroidissement<\/strong><\/td>\n<\/tr>\n<tr>\n<td class=\"col-xs-3\">Type de refroidissement<\/td>\n<td>Passif<\/td>\n<\/tr>\n<tr>\n<td class=\"col-xs-3\"><\/td>\n<td><strong>Graphique<\/strong><\/td>\n<\/tr>\n<tr>\n<td class=\"col-xs-3\">Quantit\u00e9 de ports de la carte graphique<\/td>\n<td>Int\u00e9gr\u00e9(e)<\/td>\n<\/tr>\n<tr>\n<td class=\"col-xs-3\">Taille de la m\u00e9moire vid\u00e9o<\/td>\n<td>16 Mo<\/td>\n<\/tr>\n<tr>\n<td class=\"col-xs-3\">Adaptateur graphique<\/td>\n<td>Integrated 2D Graphics Controller<\/td>\n<\/tr>\n<\/tbody>\n<\/table>\n","protected":false},"excerpt":{"rendered":"<p>Ces syst\u00e8mes serveurs ultra-performants sont bas\u00e9s sur la nouvelle plate-forme \u00e9volutive Intel\u00ae Xeon\u00ae. Chaque processeur contient jusqu&rsquo;\u00e0 28 coeurs et une m\u00e9moire jusqu&rsquo;\u00e0 1 To. Le TERRA SERVER 7420 G3 comprend les quatre niveaux de processeur (Bronze, Silver, Gold et Platine). Ces processeurs \u00e9tablissent de nouveaux standards en mati\u00e8re de convergence des plates-formes et de potentiel pour l&rsquo;informatique, l&rsquo;espace disque, la m\u00e9moire, le r\u00e9seau et la s\u00e9curit\u00e9.<\/p>\n<p>Un assistant de d\u00e9ploiement est disponible en option pour tous les serveurs de la s\u00e9rie 7000 pour une installation et une prise en matin facile du serveur.<\/p>\n","protected":false},"featured_media":497,"comment_status":"closed","ping_status":"closed","template":"","meta":{"spay_email":""},"product_cat":[45],"product_tag":[],"class_list":["post-496","product","type-product","status-publish","has-post-thumbnail","hentry","product_cat-serveurs"],"_links":{"self":[{"href":"http:\/\/www.sablone.fr\/1\/wp-json\/wp\/v2\/product\/496","targetHints":{"allow":["GET"]}}],"collection":[{"href":"http:\/\/www.sablone.fr\/1\/wp-json\/wp\/v2\/product"}],"about":[{"href":"http:\/\/www.sablone.fr\/1\/wp-json\/wp\/v2\/types\/product"}],"replies":[{"embeddable":true,"href":"http:\/\/www.sablone.fr\/1\/wp-json\/wp\/v2\/comments?post=496"}],"wp:featuredmedia":[{"embeddable":true,"href":"http:\/\/www.sablone.fr\/1\/wp-json\/wp\/v2\/media\/497"}],"wp:attachment":[{"href":"http:\/\/www.sablone.fr\/1\/wp-json\/wp\/v2\/media?parent=496"}],"wp:term":[{"taxonomy":"product_cat","embeddable":true,"href":"http:\/\/www.sablone.fr\/1\/wp-json\/wp\/v2\/product_cat?post=496"},{"taxonomy":"product_tag","embeddable":true,"href":"http:\/\/www.sablone.fr\/1\/wp-json\/wp\/v2\/product_tag?post=496"}],"curies":[{"name":"wp","href":"https:\/\/api.w.org\/{rel}","templated":true}]}}