{"id":490,"date":"2021-08-14T19:25:41","date_gmt":"2021-08-14T19:25:41","guid":{"rendered":"https:\/\/www.sablone.fr\/1\/?post_type=product&#038;p=490"},"modified":"2021-09-04T05:56:50","modified_gmt":"2021-09-04T05:56:50","slug":"terra-server-7120-g4","status":"publish","type":"product","link":"http:\/\/www.sablone.fr\/1\/produit\/terra-server-7120-g4\/","title":{"rendered":"TERRA SERVER 7120 G4"},"content":{"rendered":"<table id=\"ctl00_ctl00_ctl00_SiteContent_SiteContent_SiteContent_articleFeatureDisplayDetails_gridViewProductAttributes\" class=\"table table-condensed\" border=\"0\" cellspacing=\"0\">\n<tbody>\n<tr>\n<td class=\"col-xs-3\"><\/td>\n<td><strong>Processeur<\/strong><\/td>\n<\/tr>\n<tr>\n<td class=\"col-xs-3\">Cache L3<\/td>\n<td>12 Mo<\/td>\n<\/tr>\n<tr>\n<td class=\"col-xs-3\">Famille de processeur<\/td>\n<td>2-CPU \/ Xeon SP<\/td>\n<\/tr>\n<tr>\n<td class=\"col-xs-3\">Fr\u00e9quence du processeur<\/td>\n<td>2.8 GHz<\/td>\n<\/tr>\n<tr>\n<td class=\"col-xs-3\">Nombre de processeurs<\/td>\n<td>1<\/td>\n<\/tr>\n<tr>\n<td class=\"col-xs-3\">Type de bus<\/td>\n<td>9.6 GT\/s<\/td>\n<\/tr>\n<tr>\n<td class=\"col-xs-3\">Nombre max. de processeurs SMP<\/td>\n<td>2<\/td>\n<\/tr>\n<tr>\n<td class=\"col-xs-3\">Socket de processeur (r\u00e9ceptable de processeur)<\/td>\n<td>P4 \/ LGA4189<\/td>\n<\/tr>\n<tr>\n<td class=\"col-xs-3\">Carte m\u00e8re chipset<\/td>\n<td>Intel C621A<\/td>\n<\/tr>\n<tr>\n<td class=\"col-xs-3\">Fr\u00e9quence du processeur Turbo<\/td>\n<td>3.6 GHz<\/td>\n<\/tr>\n<tr>\n<td class=\"col-xs-3\"><\/td>\n<td><strong>G\u00e9n\u00e9ral<\/strong><\/td>\n<\/tr>\n<tr>\n<td class=\"col-xs-3\">Mod\u00e8le de processeur<\/td>\n<td>Intel Xeon Silver 4309Y \/ 2.8 GHz<\/td>\n<\/tr>\n<tr>\n<td class=\"col-xs-3\">Syst\u00e8me d&rsquo;exploitation<\/td>\n<td>Aucun syst\u00e8me d&rsquo;exploitation fourni<\/td>\n<\/tr>\n<tr>\n<td class=\"col-xs-3\"><\/td>\n<td><strong>repr\u00e9sentation \/ r\u00e9alisation<\/strong><\/td>\n<\/tr>\n<tr>\n<td class=\"col-xs-3\">position de march\u00e9<\/td>\n<td>SERVER 7000 Serie<\/td>\n<\/tr>\n<tr>\n<td class=\"col-xs-3\">Syst\u00e8mes d&rsquo;exploitation compatibles<\/td>\n<td>Windows Server 2019<\/td>\n<\/tr>\n<tr>\n<td class=\"col-xs-3\">Quantit\u00e9 de canaux<\/td>\n<td>8<\/td>\n<\/tr>\n<tr>\n<td class=\"col-xs-3\"><\/td>\n<td><strong>M\u00e9moire<\/strong><\/td>\n<\/tr>\n<tr>\n<td class=\"col-xs-3\">M\u00e9moire interne<\/td>\n<td>32 Go<\/td>\n<\/tr>\n<tr>\n<td class=\"col-xs-3\">M\u00e9moire interne maximale<\/td>\n<td>12288 Go<\/td>\n<\/tr>\n<tr>\n<td class=\"col-xs-3\">Type de m\u00e9moire interne<\/td>\n<td>REG DDR4 DIMM avec ECC<\/td>\n<\/tr>\n<tr>\n<td class=\"col-xs-3\">Emplacements m\u00e9moire<\/td>\n<td>32x DDR4 PC3200\/2933\/2666, REG ECC<\/td>\n<\/tr>\n<tr>\n<td class=\"col-xs-3\">Canaux de m\u00e9moire<\/td>\n<td>8-Channel-Memory-Architecture<\/td>\n<\/tr>\n<tr>\n<td class=\"col-xs-3\"><\/td>\n<td><strong>Support de stockage<\/strong><\/td>\n<\/tr>\n<tr>\n<td class=\"col-xs-3\">Lecteur optique<\/td>\n<td>Slim DVD\u00b1RW\/\u00b1R (USB externe)<\/td>\n<\/tr>\n<tr>\n<td class=\"col-xs-3\">Niveaux RAID<\/td>\n<td>En option<\/td>\n<\/tr>\n<tr>\n<td class=\"col-xs-3\">Nombre de lecteurs de stockage install\u00e9s<\/td>\n<td>Sans HDD(s) \/ SSD(s)<\/td>\n<\/tr>\n<tr>\n<td class=\"col-xs-3\">Baies internes<\/td>\n<td>4x 2.5&Prime;<br \/>\nen option 12x 2.5&Prime;<\/td>\n<\/tr>\n<tr>\n<td class=\"col-xs-3\">Capacit\u00e9 totale de stockage<\/td>\n<td>En option<\/td>\n<\/tr>\n<tr>\n<td class=\"col-xs-3\">Capacit\u00e9 disque dur<\/td>\n<td>En option<\/td>\n<\/tr>\n<tr>\n<td class=\"col-xs-3\">Type de support de stockage<\/td>\n<td>En option<\/td>\n<\/tr>\n<tr>\n<td class=\"col-xs-3\"><\/td>\n<td><strong>Design<\/strong><\/td>\n<\/tr>\n<tr>\n<td class=\"col-xs-3\">Grille de montage<\/td>\n<td>1<\/td>\n<\/tr>\n<tr>\n<td class=\"col-xs-3\">Type de ch\u00e2ssis<\/td>\n<td>Rack<\/td>\n<\/tr>\n<tr>\n<td class=\"col-xs-3\"><\/td>\n<td><strong>Puissance<\/strong><\/td>\n<\/tr>\n<tr>\n<td class=\"col-xs-3\">Nombre de blocs d&rsquo;alimentation redondants pris en charge<\/td>\n<td>2<\/td>\n<\/tr>\n<tr>\n<td class=\"col-xs-3\">Nombre d&rsquo;alimentations redondantes install\u00e9es<\/td>\n<td>2<\/td>\n<\/tr>\n<tr>\n<td class=\"col-xs-3\">Source d&rsquo;alimentation<\/td>\n<td>Power supply &#8211; redundant<\/td>\n<\/tr>\n<tr>\n<td class=\"col-xs-3\">Alimentation redondante (RPS)<\/td>\n<td>Oui<\/td>\n<\/tr>\n<tr>\n<td class=\"col-xs-3\">Puissance d&rsquo;alimentation max.<\/td>\n<td>1300 W<\/td>\n<\/tr>\n<tr>\n<td class=\"col-xs-3\"><\/td>\n<td><strong>Souris<\/strong><\/td>\n<\/tr>\n<tr>\n<td class=\"col-xs-3\">Souris incluse<\/td>\n<td>En option<\/td>\n<\/tr>\n<tr>\n<td class=\"col-xs-3\"><\/td>\n<td><strong>Clavier<\/strong><\/td>\n<\/tr>\n<tr>\n<td class=\"col-xs-3\">Facteur de forme du clavier<\/td>\n<td>En option<\/td>\n<\/tr>\n<tr>\n<td class=\"col-xs-3\"><\/td>\n<td><strong>R\u00e9seau<\/strong><\/td>\n<\/tr>\n<tr>\n<td class=\"col-xs-3\">Ethernet (LAN)<\/td>\n<td>Int\u00e9gr\u00e9<\/td>\n<\/tr>\n<tr>\n<td class=\"col-xs-3\">Contr\u00f4leur de r\u00e9seau local (LAN)<\/td>\n<td>Dual Port 10 GbE (RJ-45)<\/td>\n<\/tr>\n<tr>\n<td class=\"col-xs-3\">Technologie de cabl\u00e2ge<\/td>\n<td>2x 1000\/10000<\/td>\n<\/tr>\n<tr>\n<td class=\"col-xs-3\"><\/td>\n<td><strong>Autres caract\u00e9ristiques<\/strong><\/td>\n<\/tr>\n<tr>\n<td class=\"col-xs-3\">Nombre de logements de disque<\/td>\n<td>Riser Slot 1: 1x PCIe 4.0 x16 LP\/HL (CPU1)<br \/>\nRiser Slot 2 (en option): 1x PCIe 4.0 x16 LP\/HL (CPU2)<\/td>\n<\/tr>\n<tr>\n<td class=\"col-xs-3\">Baies de lecteurs<\/td>\n<td>Sans<\/td>\n<\/tr>\n<tr>\n<td class=\"col-xs-3\">Interface<\/td>\n<td>1x VGA<br \/>\n4x USB 3.0 (1x \u00e0 l&rsquo;avant)<br \/>\n2x USB 2.0 (1x \u00e0 l&rsquo;avant, 1x interne)<br \/>\n2x LAN (RJ-45) par OCP 3.0 Modul<br \/>\n1x Mgmt LAN (RJ-45)<br \/>\n1x s\u00e9rie (RJ-45)<\/td>\n<\/tr>\n<tr>\n<td class=\"col-xs-3\">Carte m\u00e8re fabricant<\/td>\n<td>Intel M50CYP2SB (Coyote Pass)<\/td>\n<\/tr>\n<tr>\n<td class=\"col-xs-3\">Administration \u00e0 distance<\/td>\n<td>Oui<\/td>\n<\/tr>\n<tr>\n<td class=\"col-xs-3\">Contr\u00f4leur de disque dur<\/td>\n<td>Broadcom MegaRAID 9450-8i<\/td>\n<\/tr>\n<tr>\n<td class=\"col-xs-3\"><\/td>\n<td><strong>D\u00e9tails techniques<\/strong><\/td>\n<\/tr>\n<tr>\n<td class=\"col-xs-3\">Localisation<\/td>\n<td>International<\/td>\n<\/tr>\n<tr>\n<td class=\"col-xs-3\">Service optionnel sur place<\/td>\n<td>Service 24 heures sur site<br \/>\nService 24 heures sur site + DMR + Premium<\/td>\n<\/tr>\n<tr>\n<td class=\"col-xs-3\"><\/td>\n<td><strong>Poids et dimensions<\/strong><\/td>\n<\/tr>\n<tr>\n<td class=\"col-xs-3\">Hauteur<\/td>\n<td>4.3 cm<\/td>\n<\/tr>\n<tr>\n<td class=\"col-xs-3\">Largeur<\/td>\n<td>43.8 cm<\/td>\n<\/tr>\n<tr>\n<td class=\"col-xs-3\">Profondeur<\/td>\n<td>78.1 cm<\/td>\n<\/tr>\n<tr>\n<td class=\"col-xs-3\">Poids<\/td>\n<td>22.5 kg<\/td>\n<\/tr>\n<tr>\n<td class=\"col-xs-3\"><\/td>\n<td><strong>Refroidissement<\/strong><\/td>\n<\/tr>\n<tr>\n<td class=\"col-xs-3\">Type de refroidissement<\/td>\n<td>Actif<\/td>\n<\/tr>\n<tr>\n<td class=\"col-xs-3\"><\/td>\n<td><strong>Graphique<\/strong><\/td>\n<\/tr>\n<tr>\n<td class=\"col-xs-3\">Quantit\u00e9 de ports de la carte graphique<\/td>\n<td>VGA<\/td>\n<\/tr>\n<tr>\n<td class=\"col-xs-3\">Taille de la m\u00e9moire vid\u00e9o<\/td>\n<td>128 Mo<\/td>\n<\/tr>\n<tr>\n<td class=\"col-xs-3\">Adaptateur graphique<\/td>\n<td>2D Video Controller<\/td>\n<\/tr>\n<tr>\n<td class=\"col-xs-3\"><\/td>\n<td><strong>Conditions environnementales<\/strong><\/td>\n<\/tr>\n<tr>\n<td class=\"col-xs-3\">Temp\u00e9rature d&rsquo;op\u00e9ration<\/td>\n<td>10 \u00b0C &#8211; 35 \u00b0C (recommandation: 20 \u00b0C &#8211; 22 \u00b0C)<\/td>\n<\/tr>\n<tr>\n<td class=\"col-xs-3\">Degr\u00e9 d&rsquo;humidit\u00e9 recommand\u00e9 pour utilisation<\/td>\n<td>10-75% (sans condensation)<\/td>\n<\/tr>\n<\/tbody>\n<\/table>\n","protected":false},"excerpt":{"rendered":"<p>Ces syst\u00e8mes serveurs extr\u00eamement puissants sont bas\u00e9s sur la plate-forme \u00e9volutive Intel\u00ae Xeon\u00ae de 3e g\u00e9n\u00e9ration et incluent les niveaux de processeur Silver et Gold.<\/p>\n<p>Une architecture \u00e9quilibr\u00e9e qui fournit une acc\u00e9l\u00e9ration int\u00e9gr\u00e9e de l&rsquo;IA et des fonctions de s\u00e9curit\u00e9 avanc\u00e9es qui vous permettent de placer en toute s\u00e9curit\u00e9 vos charges de travail de la p\u00e9riph\u00e9rie du r\u00e9seau au cloud, en fonction de l&rsquo;endroit o\u00f9 elles peuvent le mieux fonctionner.<\/p>\n<p>Les processeurs \u00e9volutifs Intel\u00ae Xeon\u00ae de 3e g\u00e9n\u00e9ration sont optimis\u00e9s pour de nombreux types de charges de travail et niveaux de performances et fonctionnent dans une architecture Intel\u00ae ouverte et constante.<\/p>\n<p>Un assistant de d\u00e9ploiement est disponible en option pour tous les serveurs de la s\u00e9rie 7000 afin de faciliter l&rsquo;installation et la mise en service du serveur.<\/p>\n<p>&nbsp;<\/p>\n","protected":false},"featured_media":491,"comment_status":"closed","ping_status":"closed","template":"","meta":{"spay_email":""},"product_cat":[45],"product_tag":[],"class_list":["post-490","product","type-product","status-publish","has-post-thumbnail","hentry","product_cat-serveurs"],"_links":{"self":[{"href":"http:\/\/www.sablone.fr\/1\/wp-json\/wp\/v2\/product\/490","targetHints":{"allow":["GET"]}}],"collection":[{"href":"http:\/\/www.sablone.fr\/1\/wp-json\/wp\/v2\/product"}],"about":[{"href":"http:\/\/www.sablone.fr\/1\/wp-json\/wp\/v2\/types\/product"}],"replies":[{"embeddable":true,"href":"http:\/\/www.sablone.fr\/1\/wp-json\/wp\/v2\/comments?post=490"}],"wp:featuredmedia":[{"embeddable":true,"href":"http:\/\/www.sablone.fr\/1\/wp-json\/wp\/v2\/media\/491"}],"wp:attachment":[{"href":"http:\/\/www.sablone.fr\/1\/wp-json\/wp\/v2\/media?parent=490"}],"wp:term":[{"taxonomy":"product_cat","embeddable":true,"href":"http:\/\/www.sablone.fr\/1\/wp-json\/wp\/v2\/product_cat?post=490"},{"taxonomy":"product_tag","embeddable":true,"href":"http:\/\/www.sablone.fr\/1\/wp-json\/wp\/v2\/product_tag?post=490"}],"curies":[{"name":"wp","href":"https:\/\/api.w.org\/{rel}","templated":true}]}}