{"id":485,"date":"2021-08-14T19:20:01","date_gmt":"2021-08-14T19:20:01","guid":{"rendered":"https:\/\/www.sablone.fr\/1\/?post_type=product&#038;p=485"},"modified":"2021-09-04T05:56:50","modified_gmt":"2021-09-04T05:56:50","slug":"terra-server-4230-g4-2","status":"publish","type":"product","link":"http:\/\/www.sablone.fr\/1\/produit\/terra-server-4230-g4-2\/","title":{"rendered":"TERRA SERVER 4230 G4"},"content":{"rendered":"<table id=\"ctl00_ctl00_ctl00_SiteContent_SiteContent_SiteContent_articleFeatureDisplayDetails_gridViewProductAttributes\" class=\"table table-condensed\" border=\"0\" cellspacing=\"0\">\n<tbody>\n<tr>\n<td class=\"col-xs-3\"><\/td>\n<td><strong>Processeur<\/strong><\/td>\n<\/tr>\n<tr>\n<td class=\"col-xs-3\">Famille de processeur<\/td>\n<td>1-CPU \/ Xeon UP<\/td>\n<\/tr>\n<tr>\n<td class=\"col-xs-3\">Nombre de coeurs de processeurs<\/td>\n<td>4-C\u0153ur<\/td>\n<\/tr>\n<tr>\n<td class=\"col-xs-3\">Fr\u00e9quence du processeur<\/td>\n<td>3.5 GHz<\/td>\n<\/tr>\n<tr>\n<td class=\"col-xs-3\">Nombre de processeurs<\/td>\n<td>1<\/td>\n<\/tr>\n<tr>\n<td class=\"col-xs-3\">Cache L2<\/td>\n<td>8 Mo<\/td>\n<\/tr>\n<tr>\n<td class=\"col-xs-3\">Nombre max. de processeurs SMP<\/td>\n<td>1<\/td>\n<\/tr>\n<tr>\n<td class=\"col-xs-3\">Socket de processeur (r\u00e9ceptable de processeur)<\/td>\n<td>LGA1151v2<\/td>\n<\/tr>\n<tr>\n<td class=\"col-xs-3\">Carte m\u00e8re chipset<\/td>\n<td>Intel C246<\/td>\n<\/tr>\n<tr>\n<td class=\"col-xs-3\"><\/td>\n<td><strong>G\u00e9n\u00e9ral<\/strong><\/td>\n<\/tr>\n<tr>\n<td class=\"col-xs-3\">Mod\u00e8le de processeur<\/td>\n<td>Intel Xeon E-2224G \/ 3.5 GHz<\/td>\n<\/tr>\n<tr>\n<td class=\"col-xs-3\">Syst\u00e8me d&rsquo;exploitation<\/td>\n<td>Aucun syst\u00e8me d&rsquo;exploitation fourni<\/td>\n<\/tr>\n<tr>\n<td class=\"col-xs-3\"><\/td>\n<td><strong>repr\u00e9sentation \/ r\u00e9alisation<\/strong><\/td>\n<\/tr>\n<tr>\n<td class=\"col-xs-3\">position de march\u00e9<\/td>\n<td>SERVER 4000<\/td>\n<\/tr>\n<tr>\n<td class=\"col-xs-3\">Syst\u00e8mes d&rsquo;exploitation compatibles<\/td>\n<td>Windows Server 2019<br \/>\nWindows Server 2016<br \/>\nVMware ESXi 7.0<br \/>\nVMware ESXi 6.7<\/td>\n<\/tr>\n<tr>\n<td class=\"col-xs-3\">Quantit\u00e9 de canaux<\/td>\n<td>8<\/td>\n<\/tr>\n<tr>\n<td class=\"col-xs-3\"><\/td>\n<td><strong>M\u00e9moire<\/strong><\/td>\n<\/tr>\n<tr>\n<td class=\"col-xs-3\">M\u00e9moire interne<\/td>\n<td>16 Go<\/td>\n<\/tr>\n<tr>\n<td class=\"col-xs-3\">M\u00e9moire interne maximale<\/td>\n<td>128 Go<\/td>\n<\/tr>\n<tr>\n<td class=\"col-xs-3\">Type de m\u00e9moire interne<\/td>\n<td>DDR4 UDIMM avec ECC<\/td>\n<\/tr>\n<tr>\n<td class=\"col-xs-3\">Emplacements m\u00e9moire<\/td>\n<td>4x DDR4 PC2666\/2400, ECC<\/td>\n<\/tr>\n<tr>\n<td class=\"col-xs-3\">Canaux de m\u00e9moire<\/td>\n<td>Dual-Channel-Memory-Architecture<\/td>\n<\/tr>\n<tr>\n<td class=\"col-xs-3\"><\/td>\n<td><strong>Support de stockage<\/strong><\/td>\n<\/tr>\n<tr>\n<td class=\"col-xs-3\">Lecteur optique<\/td>\n<td>Slim DVD\u00b1RW\/\u00b1R<\/td>\n<\/tr>\n<tr>\n<td class=\"col-xs-3\">Niveaux RAID<\/td>\n<td>En option<\/td>\n<\/tr>\n<tr>\n<td class=\"col-xs-3\">Nombre de lecteurs de stockage install\u00e9s<\/td>\n<td>Sans HDD(s) \/ SSD(s)<\/td>\n<\/tr>\n<tr>\n<td class=\"col-xs-3\">Baies internes<\/td>\n<td>8x 3.5&Prime;\/2.5&Prime;<\/td>\n<\/tr>\n<tr>\n<td class=\"col-xs-3\">Capacit\u00e9 totale de stockage<\/td>\n<td>En option<\/td>\n<\/tr>\n<tr>\n<td class=\"col-xs-3\">Capacit\u00e9 disque dur<\/td>\n<td>En option<\/td>\n<\/tr>\n<tr>\n<td class=\"col-xs-3\">Type de support de stockage<\/td>\n<td>En option<\/td>\n<\/tr>\n<tr>\n<td class=\"col-xs-3\"><\/td>\n<td><strong>Design<\/strong><\/td>\n<\/tr>\n<tr>\n<td class=\"col-xs-3\">Certification<\/td>\n<td>CE, production selon ISO9001 en Allemagne<\/td>\n<\/tr>\n<tr>\n<td class=\"col-xs-3\">Grille de montage<\/td>\n<td>2<\/td>\n<\/tr>\n<tr>\n<td class=\"col-xs-3\">Type de ch\u00e2ssis<\/td>\n<td>Rack<\/td>\n<\/tr>\n<tr>\n<td class=\"col-xs-3\"><\/td>\n<td><strong>Puissance<\/strong><\/td>\n<\/tr>\n<tr>\n<td class=\"col-xs-3\">Nombre de blocs d&rsquo;alimentation redondants pris en charge<\/td>\n<td>2<\/td>\n<\/tr>\n<tr>\n<td class=\"col-xs-3\">Nombre d&rsquo;alimentations redondantes install\u00e9es<\/td>\n<td>1<\/td>\n<\/tr>\n<tr>\n<td class=\"col-xs-3\">Source d&rsquo;alimentation<\/td>\n<td>Alimentation<\/td>\n<\/tr>\n<tr>\n<td class=\"col-xs-3\">Alimentation redondante (RPS)<\/td>\n<td>En option<\/td>\n<\/tr>\n<tr>\n<td class=\"col-xs-3\">Puissance d&rsquo;alimentation max.<\/td>\n<td>700 W<\/td>\n<\/tr>\n<tr>\n<td class=\"col-xs-3\">Nombre d&rsquo;alimentations d&rsquo;\u00e9nergie<\/td>\n<td>1 pi\u00e8ce(s)<\/td>\n<\/tr>\n<tr>\n<td class=\"col-xs-3\">Tension d&rsquo;entr\u00e9e de l&rsquo;adaptateur secteur<\/td>\n<td>100-240 V~ \/ 50-60 Hz<\/td>\n<\/tr>\n<tr>\n<td class=\"col-xs-3\"><\/td>\n<td><strong>Souris<\/strong><\/td>\n<\/tr>\n<tr>\n<td class=\"col-xs-3\">Souris incluse<\/td>\n<td>En option<\/td>\n<\/tr>\n<tr>\n<td class=\"col-xs-3\"><\/td>\n<td><strong>Clavier<\/strong><\/td>\n<\/tr>\n<tr>\n<td class=\"col-xs-3\">Facteur de forme du clavier<\/td>\n<td>En option<\/td>\n<\/tr>\n<tr>\n<td class=\"col-xs-3\"><\/td>\n<td><strong>R\u00e9seau<\/strong><\/td>\n<\/tr>\n<tr>\n<td class=\"col-xs-3\">Ethernet (LAN)<\/td>\n<td>Int\u00e9gr\u00e9<\/td>\n<\/tr>\n<tr>\n<td class=\"col-xs-3\">Contr\u00f4leur de r\u00e9seau local (LAN)<\/td>\n<td>1x Quad Intel Gigabit LAN<\/td>\n<\/tr>\n<tr>\n<td class=\"col-xs-3\">Technologie de cabl\u00e2ge<\/td>\n<td>4x 10\/100\/1000<\/td>\n<\/tr>\n<tr>\n<td class=\"col-xs-3\"><\/td>\n<td><strong>Autres caract\u00e9ristiques<\/strong><\/td>\n<\/tr>\n<tr>\n<td class=\"col-xs-3\">Nombre de logements de disque<\/td>\n<td>Slot 1: 1x PCIe 3.0 x8 (x4 link)<br \/>\nSlot 2: 1x PCIe 3.0 x8 (x8 link)<br \/>\nSlot 3: 1x PCIe 3.0 x16 (x8 link)<\/td>\n<\/tr>\n<tr>\n<td class=\"col-xs-3\">Baies de lecteurs<\/td>\n<td>1 x Slim 5.25&Prime; (occup\u00e9)<\/td>\n<\/tr>\n<tr>\n<td class=\"col-xs-3\">Interface<\/td>\n<td>1x VGA<br \/>\n2x DP (fonctionne uniquement avec Xeon E-2xxxG CPUs)<br \/>\n4x LAN (RJ-45)<br \/>\n1x Mgmt LAN<br \/>\n4x USB 3.1 Gen2<br \/>\n2x USB 3.0 (2x \u00e0 l&rsquo;avant)<br \/>\nen option: 2x s\u00e9rie<\/td>\n<\/tr>\n<tr>\n<td class=\"col-xs-3\">Carte m\u00e8re fabricant<\/td>\n<td>Intel M10JNP2SB (Juniper Pass)<\/td>\n<\/tr>\n<tr>\n<td class=\"col-xs-3\">Administration \u00e0 distance<\/td>\n<td>Oui<\/td>\n<\/tr>\n<tr>\n<td class=\"col-xs-3\">Contr\u00f4leur de disque dur<\/td>\n<td>Broadcom MegaRAID 9450-8i<\/td>\n<\/tr>\n<tr>\n<td class=\"col-xs-3\"><\/td>\n<td><strong>D\u00e9tails techniques<\/strong><\/td>\n<\/tr>\n<tr>\n<td class=\"col-xs-3\">Localisation<\/td>\n<td>International<\/td>\n<\/tr>\n<tr>\n<td class=\"col-xs-3\">Service optionnel sur place<\/td>\n<td>Service 24 heures sur site + DMR<\/td>\n<\/tr>\n<tr>\n<td class=\"col-xs-3\"><\/td>\n<td><strong>Poids et dimensions<\/strong><\/td>\n<\/tr>\n<tr>\n<td class=\"col-xs-3\">Hauteur<\/td>\n<td>8.7 cm<\/td>\n<\/tr>\n<tr>\n<td class=\"col-xs-3\">Largeur<\/td>\n<td>43.8 cm<\/td>\n<\/tr>\n<tr>\n<td class=\"col-xs-3\">Profondeur<\/td>\n<td>66 cm<\/td>\n<\/tr>\n<tr>\n<td class=\"col-xs-3\"><\/td>\n<td><strong>Refroidissement<\/strong><\/td>\n<\/tr>\n<tr>\n<td class=\"col-xs-3\">Type de refroidissement<\/td>\n<td>Actif<\/td>\n<\/tr>\n<tr>\n<td class=\"col-xs-3\"><\/td>\n<td><strong>Graphique<\/strong><\/td>\n<\/tr>\n<tr>\n<td class=\"col-xs-3\">Quantit\u00e9 de ports de la carte graphique<\/td>\n<td>1x VGA<br \/>\n2x Display Port (fonctionne uniquement avec Xeon E-2xxxG CPUs)<\/td>\n<\/tr>\n<tr>\n<td class=\"col-xs-3\">Taille de la m\u00e9moire vid\u00e9o<\/td>\n<td>16 MB (VGA)<\/td>\n<\/tr>\n<tr>\n<td class=\"col-xs-3\">Adaptateur graphique<\/td>\n<td>Integrated 2D Graphics Controller<\/td>\n<\/tr>\n<tr>\n<td class=\"col-xs-3\"><\/td>\n<td><strong>Conditions environnementales<\/strong><\/td>\n<\/tr>\n<tr>\n<td class=\"col-xs-3\">Temp\u00e9rature d&rsquo;op\u00e9ration<\/td>\n<td>10 \u00b0C &#8211; 35 \u00b0C (recommandation: 20 \u00b0C &#8211; 22 \u00b0C)<\/td>\n<\/tr>\n<tr>\n<td class=\"col-xs-3\">Degr\u00e9 d&rsquo;humidit\u00e9 recommand\u00e9 pour utilisation<\/td>\n<td>10-75% (sans condensation)<\/td>\n<\/tr>\n<\/tbody>\n<\/table>\n","protected":false},"excerpt":{"rendered":"<p>Les serveurs Rack optimis\u00e9s de la serie TERRA 4000 sont utilisables partout et offrent un rapport prix-performance particuli\u00e8rement int\u00e9ressant. Le serveur TERRA de 2HE est parfait comme Firewall, routeur, serveur proxy ou serveur Web.<br \/>\nGr\u00e2ce aux possibilit\u00e9s d&rsquo;extension tr\u00e8s souples, il peut \u00e9galement intervenir comme serveur de fichiers, serveur de sauvegarde ou contr\u00f4leur de domaine. La grande flexibilt\u00e9 permet de g\u00e9rer jusqu&rsquo;\u00e0 21 appareils dans un rack de 19\u00a0\u00bb<\/p>\n<p><strong>Faits saillants<br \/>\n<\/strong>\u2022 Carte m\u00e8re avec 2x USB 3.1 Gen2 et Remote Management module<br \/>\n\u2022 Alimentation redondante en option possible<\/p>\n","protected":false},"featured_media":470,"comment_status":"closed","ping_status":"closed","template":"","meta":{"spay_email":""},"product_cat":[45],"product_tag":[],"class_list":["post-485","product","type-product","status-publish","has-post-thumbnail","hentry","product_cat-serveurs"],"_links":{"self":[{"href":"http:\/\/www.sablone.fr\/1\/wp-json\/wp\/v2\/product\/485","targetHints":{"allow":["GET"]}}],"collection":[{"href":"http:\/\/www.sablone.fr\/1\/wp-json\/wp\/v2\/product"}],"about":[{"href":"http:\/\/www.sablone.fr\/1\/wp-json\/wp\/v2\/types\/product"}],"replies":[{"embeddable":true,"href":"http:\/\/www.sablone.fr\/1\/wp-json\/wp\/v2\/comments?post=485"}],"wp:featuredmedia":[{"embeddable":true,"href":"http:\/\/www.sablone.fr\/1\/wp-json\/wp\/v2\/media\/470"}],"wp:attachment":[{"href":"http:\/\/www.sablone.fr\/1\/wp-json\/wp\/v2\/media?parent=485"}],"wp:term":[{"taxonomy":"product_cat","embeddable":true,"href":"http:\/\/www.sablone.fr\/1\/wp-json\/wp\/v2\/product_cat?post=485"},{"taxonomy":"product_tag","embeddable":true,"href":"http:\/\/www.sablone.fr\/1\/wp-json\/wp\/v2\/product_tag?post=485"}],"curies":[{"name":"wp","href":"https:\/\/api.w.org\/{rel}","templated":true}]}}