{"id":459,"date":"2021-08-14T07:08:46","date_gmt":"2021-08-14T07:08:46","guid":{"rendered":"https:\/\/www.sablone.fr\/1\/?post_type=product&#038;p=459"},"modified":"2021-09-04T05:55:57","modified_gmt":"2021-09-04T05:55:57","slug":"ram-ddr4-8gb-pc3200-ub-samsung","status":"publish","type":"product","link":"http:\/\/www.sablone.fr\/1\/produit\/ram-ddr4-8gb-pc3200-ub-samsung\/","title":{"rendered":"RAM DDR4 8GB  PC3200 UB Samsung"},"content":{"rendered":"<table id=\"ctl00_ctl00_ctl00_SiteContent_SiteContent_SiteContent_articleFeatureDisplayDetails_gridViewProductAttributes\" class=\"table table-condensed\" border=\"0\" cellspacing=\"0\">\n<tbody>\n<tr>\n<td><strong>D\u00e9tails techniques<\/strong><\/td>\n<\/tr>\n<tr>\n<td class=\"col-xs-3\">Marchand<\/td>\n<td>Samsung<\/td>\n<\/tr>\n<tr>\n<td class=\"col-xs-3\"><\/td>\n<td><strong>Caract\u00e9ristiques<\/strong><\/td>\n<\/tr>\n<tr>\n<td class=\"col-xs-3\">M\u00e9moire interne<\/td>\n<td>8 Go<\/td>\n<\/tr>\n<tr>\n<td class=\"col-xs-3\">Disposition de la m\u00e9moire (modules x dimensions)<\/td>\n<td>1 x 8 Go<\/td>\n<\/tr>\n<tr>\n<td class=\"col-xs-3\">Fr\u00e9quence de la m\u00e9moire<\/td>\n<td>3200 MHz<\/td>\n<\/tr>\n<tr>\n<td class=\"col-xs-3\">Type de m\u00e9moire mise en cache<\/td>\n<td>Unregistered (unbuffered)<\/td>\n<\/tr>\n<tr>\n<td class=\"col-xs-3\">Type de m\u00e9moire interne<\/td>\n<td>DDR4<\/td>\n<\/tr>\n<tr>\n<td class=\"col-xs-3\">M\u00e9moire de tension<\/td>\n<td>1.2 V<\/td>\n<\/tr>\n<tr>\n<td class=\"col-xs-3\">Support de m\u00e9moire<\/td>\n<td>288-pin DIMM<\/td>\n<\/tr>\n<tr>\n<td class=\"col-xs-3\">composant pour<\/td>\n<td>PC\/serveur<\/td>\n<\/tr>\n<\/tbody>\n<\/table>\n","protected":false},"excerpt":{"rendered":"<p>D\u00e9tails techniques Marchand Samsung Caract\u00e9ristiques M\u00e9moire interne 8 Go Disposition de la m\u00e9moire (modules x dimensions) 1 x 8 Go Fr\u00e9quence de la m\u00e9moire 3200 MHz Type de m\u00e9moire mise en cache Unregistered (unbuffered) Type de m\u00e9moire interne DDR4 M\u00e9moire de tension 1.2 V Support de m\u00e9moire 288-pin DIMM composant pour PC\/serveur<\/p>\n","protected":false},"featured_media":460,"comment_status":"closed","ping_status":"closed","template":"","meta":{"spay_email":""},"product_cat":[47,46],"product_tag":[],"class_list":["post-459","product","type-product","status-publish","has-post-thumbnail","hentry","product_cat-ram-pc","product_cat-ram"],"_links":{"self":[{"href":"http:\/\/www.sablone.fr\/1\/wp-json\/wp\/v2\/product\/459","targetHints":{"allow":["GET"]}}],"collection":[{"href":"http:\/\/www.sablone.fr\/1\/wp-json\/wp\/v2\/product"}],"about":[{"href":"http:\/\/www.sablone.fr\/1\/wp-json\/wp\/v2\/types\/product"}],"replies":[{"embeddable":true,"href":"http:\/\/www.sablone.fr\/1\/wp-json\/wp\/v2\/comments?post=459"}],"wp:featuredmedia":[{"embeddable":true,"href":"http:\/\/www.sablone.fr\/1\/wp-json\/wp\/v2\/media\/460"}],"wp:attachment":[{"href":"http:\/\/www.sablone.fr\/1\/wp-json\/wp\/v2\/media?parent=459"}],"wp:term":[{"taxonomy":"product_cat","embeddable":true,"href":"http:\/\/www.sablone.fr\/1\/wp-json\/wp\/v2\/product_cat?post=459"},{"taxonomy":"product_tag","embeddable":true,"href":"http:\/\/www.sablone.fr\/1\/wp-json\/wp\/v2\/product_tag?post=459"}],"curies":[{"name":"wp","href":"https:\/\/api.w.org\/{rel}","templated":true}]}}