{"id":408,"date":"2021-08-13T19:44:46","date_gmt":"2021-08-13T19:44:46","guid":{"rendered":"https:\/\/www.sablone.fr\/1\/?post_type=product&#038;p=408"},"modified":"2021-09-04T05:59:39","modified_gmt":"2021-09-04T05:59:39","slug":"terra-all-in-one-pc-2705-ha-greenline-2","status":"publish","type":"product","link":"http:\/\/www.sablone.fr\/1\/produit\/terra-all-in-one-pc-2705-ha-greenline-2\/","title":{"rendered":"TERRA ALL-IN-ONE-PC 2705 HA GREENLINE"},"content":{"rendered":"<table id=\"ctl00_ctl00_ctl00_SiteContent_SiteContent_SiteContent_articleFeatureDisplayDetails_gridViewProductAttributes\" class=\"table table-condensed\" border=\"0\" cellspacing=\"0\">\n<tbody>\n<tr>\n<td class=\"col-xs-3\"><\/td>\n<td><strong>G\u00e9n\u00e9ral<\/strong><\/td>\n<\/tr>\n<tr>\n<td class=\"col-xs-3\">Mod\u00e8le de processeur<\/td>\n<td>Intel Core i5 (9. Gen.) 9500 \/ 3.0 GHz (9M SmartCache, jusqu&rsquo;a 4.4 GHz avec Intel Turbo Boost Technology)<\/td>\n<\/tr>\n<tr>\n<td class=\"col-xs-3\">Syst\u00e8me d&rsquo;exploitation<\/td>\n<td>Windows 10 Pro<\/td>\n<\/tr>\n<tr>\n<td class=\"col-xs-3\"><\/td>\n<td><strong>Logiciel<\/strong><\/td>\n<\/tr>\n<tr>\n<td class=\"col-xs-3\">Logiciels pr\u00e9-install\u00e9s<\/td>\n<td>Version d&rsquo;\u00e9valuation de 30 jours du Microsoft\u00ae 365 pour nouveaux clients.<\/td>\n<\/tr>\n<tr>\n<td class=\"col-xs-3\"><\/td>\n<td><strong>\u00c9cran<\/strong><\/td>\n<\/tr>\n<tr>\n<td class=\"col-xs-3\">R\u00e9solution de l&rsquo;\u00e9cran<\/td>\n<td>1920 x 1080 ( Full HD )<\/td>\n<\/tr>\n<tr>\n<td class=\"col-xs-3\">Type d&rsquo;\u00e9cran<\/td>\n<td>LCD &#8211; Non Touch<\/td>\n<\/tr>\n<tr>\n<td class=\"col-xs-3\">Luminosit\u00e9 de l&rsquo;\u00e9cran<\/td>\n<td>250 cd\/m2<\/td>\n<\/tr>\n<tr>\n<td class=\"col-xs-3\">Temps de r\u00e9ponse<\/td>\n<td>8 ms<\/td>\n<\/tr>\n<tr>\n<td class=\"col-xs-3\">R\u00e9tro\u00e9clairage LED<\/td>\n<td>LED Backlight<\/td>\n<\/tr>\n<tr>\n<td class=\"col-xs-3\">Taille de l&rsquo;\u00e9cran<\/td>\n<td>68.6 cm (27&Prime;) \u00ab\u00a0<\/td>\n<\/tr>\n<tr>\n<td class=\"col-xs-3\"><\/td>\n<td><strong>Processeur<\/strong><\/td>\n<\/tr>\n<tr>\n<td class=\"col-xs-3\">Famille de processeur<\/td>\n<td>Core i5<\/td>\n<\/tr>\n<tr>\n<td class=\"col-xs-3\">Nombre de coeurs de processeurs<\/td>\n<td>Hexa-Core<\/td>\n<\/tr>\n<tr>\n<td class=\"col-xs-3\">Socket de processeur (r\u00e9ceptable de processeur)<\/td>\n<td>LGA1151v2 (max. 65 Watt TDP)<\/td>\n<\/tr>\n<tr>\n<td class=\"col-xs-3\">Carte m\u00e8re chipset<\/td>\n<td>Intel H370 Express<\/td>\n<\/tr>\n<tr>\n<td class=\"col-xs-3\">Nombre de processeurs<\/td>\n<td>1<\/td>\n<\/tr>\n<tr>\n<td class=\"col-xs-3\"><\/td>\n<td><strong>M\u00e9moire<\/strong><\/td>\n<\/tr>\n<tr>\n<td class=\"col-xs-3\">M\u00e9moire interne<\/td>\n<td>8 Go<\/td>\n<\/tr>\n<tr>\n<td class=\"col-xs-3\">Configuration de la m\u00e9moire (fente x taille)<\/td>\n<td>1 x 8 Go<\/td>\n<\/tr>\n<tr>\n<td class=\"col-xs-3\">M\u00e9moire interne maximale<\/td>\n<td>32 Go<\/td>\n<\/tr>\n<tr>\n<td class=\"col-xs-3\">Fr\u00e9quence de la m\u00e9moire<\/td>\n<td>3200 MHz<\/td>\n<\/tr>\n<tr>\n<td class=\"col-xs-3\">Type de m\u00e9moire interne<\/td>\n<td>DDR4<\/td>\n<\/tr>\n<tr>\n<td class=\"col-xs-3\">Emplacements m\u00e9moire<\/td>\n<td>2x DDR4 (1 emplacement utilis\u00e9) pi\u00e8ce(s)<\/td>\n<\/tr>\n<tr>\n<td class=\"col-xs-3\">Support de m\u00e9moire<\/td>\n<td>SO-DIMM, 260-pin<\/td>\n<\/tr>\n<tr>\n<td class=\"col-xs-3\"><\/td>\n<td><strong>Support de stockage<\/strong><\/td>\n<\/tr>\n<tr>\n<td class=\"col-xs-3\">Interface du disque dur<\/td>\n<td>1x S-ATA 6GB\/s<br \/>\n1x M.2 type 2280 (SATA &amp; PCIe NVMe)<\/td>\n<\/tr>\n<tr>\n<td class=\"col-xs-3\">Niveaux RAID<\/td>\n<td>RAID 0 1<\/td>\n<\/tr>\n<tr>\n<td class=\"col-xs-3\">Lecteur de cartes m\u00e9moires int\u00e9gr\u00e9<\/td>\n<td>Multifonction<\/td>\n<\/tr>\n<tr>\n<td class=\"col-xs-3\">Interface du Solid State Drive (SSD)<\/td>\n<td>PCIe (NVMe)<\/td>\n<\/tr>\n<tr>\n<td class=\"col-xs-3\">Capacit\u00e9 du Solid State Drive (SSD)<\/td>\n<td>500 Go<\/td>\n<\/tr>\n<tr>\n<td class=\"col-xs-3\">Capacit\u00e9 disque dur<\/td>\n<td>1 x 500 GB &#8211; solid state<\/td>\n<\/tr>\n<tr>\n<td class=\"col-xs-3\">Cartes m\u00e9moire compatibles<\/td>\n<td>Cartes SD<br \/>\nCartes SDHC<br \/>\nCartes SDXC<\/td>\n<\/tr>\n<tr>\n<td class=\"col-xs-3\">Supports de stockage<\/td>\n<td>SSD M.2<\/td>\n<\/tr>\n<tr>\n<td class=\"col-xs-3\"><\/td>\n<td><strong>Lecteur optique<\/strong><\/td>\n<\/tr>\n<tr>\n<td class=\"col-xs-3\">Lecteur optique<\/td>\n<td>Sans DVD\u00b1RW (optionnel en externe)<\/td>\n<\/tr>\n<tr>\n<td class=\"col-xs-3\"><\/td>\n<td><strong>repr\u00e9sentation \/ r\u00e9alisation<\/strong><\/td>\n<\/tr>\n<tr>\n<td class=\"col-xs-3\">position de march\u00e9<\/td>\n<td>Business<\/td>\n<\/tr>\n<tr>\n<td class=\"col-xs-3\">Type de produit<\/td>\n<td>Personal-Computer<\/td>\n<\/tr>\n<tr>\n<td class=\"col-xs-3\"><\/td>\n<td><strong>Clavier<\/strong><\/td>\n<\/tr>\n<tr>\n<td class=\"col-xs-3\">Interface de l&rsquo;appareil<\/td>\n<td>USB<\/td>\n<\/tr>\n<tr>\n<td class=\"col-xs-3\"><\/td>\n<td><strong>D\u00e9tails techniques<\/strong><\/td>\n<\/tr>\n<tr>\n<td class=\"col-xs-3\">Localisation<\/td>\n<td>International<\/td>\n<\/tr>\n<tr>\n<td class=\"col-xs-3\"><\/td>\n<td><strong>Contenu de l&#8217;emballage<\/strong><\/td>\n<\/tr>\n<tr>\n<td class=\"col-xs-3\">Accesoires inclus<\/td>\n<td>Quick Start Guide (DE\/ EN\/ FR), Alimentation EU<\/td>\n<\/tr>\n<tr>\n<td class=\"col-xs-3\">Clavier fourni<\/td>\n<td>Option<\/td>\n<\/tr>\n<tr>\n<td class=\"col-xs-3\"><\/td>\n<td><strong>Poids et dimensions<\/strong><\/td>\n<\/tr>\n<tr>\n<td class=\"col-xs-3\">Hauteur<\/td>\n<td>Variable. Max. : 53.4 cm. min. : 40.9 cm<\/td>\n<\/tr>\n<tr>\n<td class=\"col-xs-3\">Largeur<\/td>\n<td>62.5 cm<\/td>\n<\/tr>\n<tr>\n<td class=\"col-xs-3\">Profondeur<\/td>\n<td>6.4<br \/>\nSurface de base p\u00e9destre: 24.5 x 23.5 (L x P) cm<\/td>\n<\/tr>\n<tr>\n<td class=\"col-xs-3\">Poids<\/td>\n<td>9.4 kg<\/td>\n<\/tr>\n<tr>\n<td class=\"col-xs-3\"><\/td>\n<td><strong>Autres caract\u00e9ristiques<\/strong><\/td>\n<\/tr>\n<tr>\n<td class=\"col-xs-3\">Connecteurs d&rsquo;extension<\/td>\n<td>1x M.2 type 2230, PCI Express + USB (occup\u00e9 par module M.2 WLAN\/BT)<br \/>\n1x M.2 type 2280 (SSD)<\/td>\n<\/tr>\n<tr>\n<td class=\"col-xs-3\">Interface<\/td>\n<td>\u00e0 droite: Lecteur de cartes, 2x USB 3.2 Gen1<br \/>\n\u00e0 gauche: Microphone, ligne audio, 3x USB 3.2 Gen1, 1x USB 3.2 Gen1 type-C, HDMI, DisplayPort, RJ-45, DC-in<\/td>\n<\/tr>\n<tr>\n<td class=\"col-xs-3\">Syst\u00e8mes d&rsquo;exploitation compatibles<\/td>\n<td>Windows 10<\/td>\n<\/tr>\n<tr>\n<td class=\"col-xs-3\">Capacit\u00e9 de refroidissement maximale<\/td>\n<td>Actif<\/td>\n<\/tr>\n<tr>\n<td class=\"col-xs-3\">Caract\u00e9ristiques sp\u00e9ciales<\/td>\n<td>2x haut-parleurs 3W<br \/>\nBluetooth<br \/>\nKensington-Lock<br \/>\nHauteur r\u00e9glable 125 mm<br \/>\nFonction pivot<br \/>\nInclinaison -5\u00b0\/ +20\u00b0<br \/>\nVESA 100&#215;100 mm<br \/>\nPied amovible<br \/>\nTPM 2.0<br \/>\nGlare<br \/>\nCouleur : argent (avant + pied), noir (arri\u00e8re)<\/td>\n<\/tr>\n<tr>\n<td class=\"col-xs-3\"><\/td>\n<td><strong>Design<\/strong><\/td>\n<\/tr>\n<tr>\n<td class=\"col-xs-3\">Format<\/td>\n<td>Tout en un<\/td>\n<\/tr>\n<tr>\n<td class=\"col-xs-3\"><\/td>\n<td><strong>Souris<\/strong><\/td>\n<\/tr>\n<tr>\n<td class=\"col-xs-3\">Souris incluse<\/td>\n<td>Option<\/td>\n<\/tr>\n<tr>\n<td class=\"col-xs-3\"><\/td>\n<td><strong>Graphique<\/strong><\/td>\n<\/tr>\n<tr>\n<td class=\"col-xs-3\">R\u00e9solution maximale<\/td>\n<td>HDMI\/ DP 1.2 max. 4096 x 2160<br \/>\nSupporte le double affichage<\/td>\n<\/tr>\n<tr>\n<td class=\"col-xs-3\">M\u00e9moire de la carte graphique int\u00e9gr\u00e9e<\/td>\n<td>Dynamique<\/td>\n<\/tr>\n<tr>\n<td class=\"col-xs-3\">Adaptateur graphique<\/td>\n<td>Intel UHD Graphics 630 (1100 MHz)<\/td>\n<\/tr>\n<tr>\n<td class=\"col-xs-3\">Mod\u00e8le d&rsquo;adaptateur graphique inclus<\/td>\n<td>Intel UHD Graphics 630 (1100 MHz)<\/td>\n<\/tr>\n<tr>\n<td class=\"col-xs-3\"><\/td>\n<td><strong>Puissance<\/strong><\/td>\n<\/tr>\n<tr>\n<td class=\"col-xs-3\">Source d&rsquo;alimentation<\/td>\n<td>Alimentation externe sans ventilateur<\/td>\n<\/tr>\n<tr>\n<td class=\"col-xs-3\">Consommation d&rsquo;\u00e9nergie (mode veille)<\/td>\n<td>\u00d8 32 Watt Long Idle-Mode<br \/>\n116 kWh par an (ETEC = Typical Energy Consumption) W<\/td>\n<\/tr>\n<tr>\n<td class=\"col-xs-3\">Puissance d&rsquo;alimentation max.<\/td>\n<td>120 Watt<\/td>\n<\/tr>\n<tr>\n<td class=\"col-xs-3\">Puissance nominale<\/td>\n<td>\u00d8 32 Watt Long Idle-Mode<br \/>\n116 kWh pro Jahr (ETEC = Typical Energy Consumption)<\/td>\n<\/tr>\n<tr>\n<td class=\"col-xs-3\">Tension d&rsquo;entr\u00e9e de l&rsquo;adaptateur secteur<\/td>\n<td>Env. 100\/240 V (50\/60 Mhz)<\/td>\n<\/tr>\n<tr>\n<td class=\"col-xs-3\"><\/td>\n<td><strong>Conditions environnementales<\/strong><\/td>\n<\/tr>\n<tr>\n<td class=\"col-xs-3\">Temp\u00e9rature d&rsquo;op\u00e9ration<\/td>\n<td>5\u00b0 C &#8211; 35\u00b0 C<\/td>\n<\/tr>\n<tr>\n<td class=\"col-xs-3\">Degr\u00e9 d&rsquo;humidit\u00e9 recommand\u00e9 pour utilisation<\/td>\n<td>10 &#8211; 75 % (sans condensation)<\/td>\n<\/tr>\n<tr>\n<td class=\"col-xs-3\"><\/td>\n<td><strong>R\u00e9seau<\/strong><\/td>\n<\/tr>\n<tr>\n<td class=\"col-xs-3\">Ethernet (LAN)<\/td>\n<td>Ethernet, Fast Ethernet, Gigabit Eterhnet<\/td>\n<\/tr>\n<tr>\n<td class=\"col-xs-3\">Contr\u00f4leur de r\u00e9seau local (LAN)<\/td>\n<td>Intel i219V, Gigabit LAN, WOL + PXE<\/td>\n<\/tr>\n<tr>\n<td class=\"col-xs-3\">Standards wifi<\/td>\n<td>Intel\u00ae Dual Band Wireless-AC 9260<br \/>\nBandes: 2.4Ghz, 5Ghz (160Mhz)<br \/>\nDual Stream<br \/>\nIEEE 802.11 ac<\/td>\n<\/tr>\n<tr>\n<td class=\"col-xs-3\">Protocoles de liaison de donn\u00e9es<\/td>\n<td>Ethernet, Fast Ethernet, Gigabit Ethernet, IEEE 802.11ac<br \/>\nBluetooth 5.0<\/td>\n<\/tr>\n<tr>\n<td class=\"col-xs-3\"><\/td>\n<td><strong>Dispositif d&rsquo;entr\u00e9e<\/strong><\/td>\n<\/tr>\n<tr>\n<td class=\"col-xs-3\">Interface de l&rsquo;appareil<\/td>\n<td>USB<\/td>\n<\/tr>\n<tr>\n<td class=\"col-xs-3\"><\/td>\n<td><strong>Audio<\/strong><\/td>\n<\/tr>\n<tr>\n<td class=\"col-xs-3\">Canaux de sortie audio<\/td>\n<td>8 canaux<\/td>\n<\/tr>\n<tr>\n<td class=\"col-xs-3\">Syst\u00e8me audio<\/td>\n<td>Int\u00e9gr\u00e9<\/td>\n<\/tr>\n<\/tbody>\n<\/table>\n","protected":false},"excerpt":{"rendered":"<p>TERRA All-In-One-PC au design chic et sans cadre. En plus de son \u00e9l\u00e9gance, notre silencieux TERRA AIO-PC 2705 HA se r\u00e9v\u00e8le particuli\u00e8rement performant gr\u00e2ce \u00e0 son puissant processeur Intel\u00ae Core i5. Cet ordinateur tout en un est id\u00e9al pour votre bureau et s&rsquo;adapte \u00e0 vos besoins. Disponible avec son kit VESA en option, il se fond dans le d\u00e9cor lorsqu&rsquo;il est fix\u00e9 \u00e0 un mur de votre maison.<br \/>\nIl r\u00e9pond parfaitement aux besoins des m\u00e9decins, juristes, pharmaciens et m\u00e9tiers de l&rsquo;h\u00f4tellerie.<\/p>\n","protected":false},"featured_media":398,"comment_status":"closed","ping_status":"closed","template":"","meta":{"spay_email":""},"product_cat":[43],"product_tag":[],"class_list":["post-408","product","type-product","status-publish","has-post-thumbnail","hentry","product_cat-tout-en-un"],"_links":{"self":[{"href":"http:\/\/www.sablone.fr\/1\/wp-json\/wp\/v2\/product\/408","targetHints":{"allow":["GET"]}}],"collection":[{"href":"http:\/\/www.sablone.fr\/1\/wp-json\/wp\/v2\/product"}],"about":[{"href":"http:\/\/www.sablone.fr\/1\/wp-json\/wp\/v2\/types\/product"}],"replies":[{"embeddable":true,"href":"http:\/\/www.sablone.fr\/1\/wp-json\/wp\/v2\/comments?post=408"}],"wp:featuredmedia":[{"embeddable":true,"href":"http:\/\/www.sablone.fr\/1\/wp-json\/wp\/v2\/media\/398"}],"wp:attachment":[{"href":"http:\/\/www.sablone.fr\/1\/wp-json\/wp\/v2\/media?parent=408"}],"wp:term":[{"taxonomy":"product_cat","embeddable":true,"href":"http:\/\/www.sablone.fr\/1\/wp-json\/wp\/v2\/product_cat?post=408"},{"taxonomy":"product_tag","embeddable":true,"href":"http:\/\/www.sablone.fr\/1\/wp-json\/wp\/v2\/product_tag?post=408"}],"curies":[{"name":"wp","href":"https:\/\/api.w.org\/{rel}","templated":true}]}}