{"id":391,"date":"2021-08-13T05:30:04","date_gmt":"2021-08-13T05:30:04","guid":{"rendered":"https:\/\/www.sablone.fr\/1\/?post_type=product&#038;p=391"},"modified":"2021-09-04T05:59:39","modified_gmt":"2021-09-04T05:59:39","slug":"terra-all-in-one-pc-2400-greenline","status":"publish","type":"product","link":"http:\/\/www.sablone.fr\/1\/produit\/terra-all-in-one-pc-2400-greenline\/","title":{"rendered":"TERRA ALL-IN-ONE-PC 2400 GREENLINE"},"content":{"rendered":"<table id=\"ctl00_ctl00_ctl00_SiteContent_SiteContent_SiteContent_articleFeatureDisplayDetails_gridViewProductAttributes\" class=\"table table-condensed\" border=\"0\" cellspacing=\"0\">\n<tbody>\n<tr>\n<td class=\"col-xs-3\"><\/td>\n<td><strong>G\u00e9n\u00e9ral<\/strong><\/td>\n<\/tr>\n<tr>\n<td class=\"col-xs-3\">Mod\u00e8le de processeur<\/td>\n<td>Intel Core i3 (10. Gen.) 10110U \/ 2.1 GHz (4 MB Intel SmartCache, jusqu&rsquo; \u00e0 4.1 GHz avec Intel Turbo Boost Technology)<\/td>\n<\/tr>\n<tr>\n<td class=\"col-xs-3\">Syst\u00e8me d&rsquo;exploitation<\/td>\n<td>Windows 10 Home<\/td>\n<\/tr>\n<tr>\n<td class=\"col-xs-3\"><\/td>\n<td><strong>Logiciel<\/strong><\/td>\n<\/tr>\n<tr>\n<td class=\"col-xs-3\">Logiciels pr\u00e9-install\u00e9s<\/td>\n<td>Version d&rsquo;\u00e9valuation de 30 jours du Microsoft\u00ae 365 pour nouveaux clients.<\/td>\n<\/tr>\n<tr>\n<td class=\"col-xs-3\"><\/td>\n<td><strong>\u00c9cran<\/strong><\/td>\n<\/tr>\n<tr>\n<td class=\"col-xs-3\">R\u00e9solution de l&rsquo;\u00e9cran<\/td>\n<td>1920 x 1080 ( Full HD )<\/td>\n<\/tr>\n<tr>\n<td class=\"col-xs-3\">Type d&rsquo;\u00e9cran<\/td>\n<td>LCD &#8211; sans tactile &#8211; Non glare<\/td>\n<\/tr>\n<tr>\n<td class=\"col-xs-3\">Luminosit\u00e9 de l&rsquo;\u00e9cran<\/td>\n<td>250 cd\/m2<\/td>\n<\/tr>\n<tr>\n<td class=\"col-xs-3\">Temps de r\u00e9ponse<\/td>\n<td>14 ms<\/td>\n<\/tr>\n<tr>\n<td class=\"col-xs-3\">Taux de contraste<\/td>\n<td>1000:1<\/td>\n<\/tr>\n<tr>\n<td class=\"col-xs-3\">Angle de vision horizontal<\/td>\n<td>178\u00b0<\/td>\n<\/tr>\n<tr>\n<td class=\"col-xs-3\">Angle de vision vertical<\/td>\n<td>178\u00b0<\/td>\n<\/tr>\n<tr>\n<td class=\"col-xs-3\">R\u00e9tro\u00e9clairage LED<\/td>\n<td>LED Backlight<\/td>\n<\/tr>\n<tr>\n<td class=\"col-xs-3\">Taille de l&rsquo;\u00e9cran<\/td>\n<td>23.8&Prime; (60.5 cm)<\/td>\n<\/tr>\n<tr>\n<td class=\"col-xs-3\"><\/td>\n<td><strong>Processeur<\/strong><\/td>\n<\/tr>\n<tr>\n<td class=\"col-xs-3\">Famille de processeur<\/td>\n<td>Core i3<\/td>\n<\/tr>\n<tr>\n<td class=\"col-xs-3\">Nombre de coeurs de processeurs<\/td>\n<td>Dual-Core<\/td>\n<\/tr>\n<tr>\n<td class=\"col-xs-3\">Nombre max. de processeurs SMP<\/td>\n<td>1<\/td>\n<\/tr>\n<tr>\n<td class=\"col-xs-3\">Socket de processeur (r\u00e9ceptable de processeur)<\/td>\n<td>FCBGA1528<\/td>\n<\/tr>\n<tr>\n<td class=\"col-xs-3\">Nombre de processeurs<\/td>\n<td>1<\/td>\n<\/tr>\n<tr>\n<td class=\"col-xs-3\"><\/td>\n<td><strong>M\u00e9moire<\/strong><\/td>\n<\/tr>\n<tr>\n<td class=\"col-xs-3\">M\u00e9moire interne<\/td>\n<td>8 Go<\/td>\n<\/tr>\n<tr>\n<td class=\"col-xs-3\">Configuration de la m\u00e9moire (fente x taille)<\/td>\n<td>1 x 8 GB<\/td>\n<\/tr>\n<tr>\n<td class=\"col-xs-3\">M\u00e9moire interne maximale<\/td>\n<td>32 Go<\/td>\n<\/tr>\n<tr>\n<td class=\"col-xs-3\">Fr\u00e9quence de la m\u00e9moire<\/td>\n<td>3200 MHz<\/td>\n<\/tr>\n<tr>\n<td class=\"col-xs-3\">Type de m\u00e9moire interne<\/td>\n<td>DDR4<\/td>\n<\/tr>\n<tr>\n<td class=\"col-xs-3\">Emplacements m\u00e9moire<\/td>\n<td>2 pi\u00e8ce(s)<\/td>\n<\/tr>\n<tr>\n<td class=\"col-xs-3\">Support de m\u00e9moire<\/td>\n<td>SO-DIMM, 260-pin<\/td>\n<\/tr>\n<tr>\n<td class=\"col-xs-3\"><\/td>\n<td><strong>Support de stockage<\/strong><\/td>\n<\/tr>\n<tr>\n<td class=\"col-xs-3\">Capacit\u00e9 totale de stockage<\/td>\n<td>256 Go<\/td>\n<\/tr>\n<tr>\n<td class=\"col-xs-3\">Interface du disque dur<\/td>\n<td>1x S-ATA 6GB\/s<br \/>\n1x M.2 type 2280 (SATA &amp; PCIe NVMe)<\/td>\n<\/tr>\n<tr>\n<td class=\"col-xs-3\">Lecteur de cartes m\u00e9moires int\u00e9gr\u00e9<\/td>\n<td>Non<\/td>\n<\/tr>\n<tr>\n<td class=\"col-xs-3\">Interface du Solid State Drive (SSD)<\/td>\n<td>PCIe (NVMe)<\/td>\n<\/tr>\n<tr>\n<td class=\"col-xs-3\">Capacit\u00e9 du Solid State Drive (SSD)<\/td>\n<td>256 Go<\/td>\n<\/tr>\n<tr>\n<td class=\"col-xs-3\">Capacit\u00e9 disque dur<\/td>\n<td>1 x 256 GB &#8211; solid state<\/td>\n<\/tr>\n<tr>\n<td class=\"col-xs-3\">Supports de stockage<\/td>\n<td>SSD M.2<\/td>\n<\/tr>\n<tr>\n<td class=\"col-xs-3\"><\/td>\n<td><strong>Lecteur optique<\/strong><\/td>\n<\/tr>\n<tr>\n<td class=\"col-xs-3\">Lecteur optique<\/td>\n<td>Sans DVD\u00b1RW (optionnel en externe)<\/td>\n<\/tr>\n<tr>\n<td class=\"col-xs-3\"><\/td>\n<td><strong>repr\u00e9sentation \/ r\u00e9alisation<\/strong><\/td>\n<\/tr>\n<tr>\n<td class=\"col-xs-3\">position de march\u00e9<\/td>\n<td>Business<\/td>\n<\/tr>\n<tr>\n<td class=\"col-xs-3\">Type de produit<\/td>\n<td>Personal-Computer<\/td>\n<\/tr>\n<tr>\n<td class=\"col-xs-3\">Niveau sonore<\/td>\n<td>22.3 dB (Idle-Mode)<\/td>\n<\/tr>\n<tr>\n<td class=\"col-xs-3\"><\/td>\n<td><strong>Clavier<\/strong><\/td>\n<\/tr>\n<tr>\n<td class=\"col-xs-3\">Interface de l&rsquo;appareil<\/td>\n<td>USB<\/td>\n<\/tr>\n<tr>\n<td class=\"col-xs-3\"><\/td>\n<td><strong>D\u00e9tails techniques<\/strong><\/td>\n<\/tr>\n<tr>\n<td class=\"col-xs-3\">Localisation<\/td>\n<td>International<\/td>\n<\/tr>\n<tr>\n<td class=\"col-xs-3\"><\/td>\n<td><strong>Contenu de l&#8217;emballage<\/strong><\/td>\n<\/tr>\n<tr>\n<td class=\"col-xs-3\">Accesoires inclus<\/td>\n<td>Quick Start Guide, Alimentation, Pied<\/td>\n<\/tr>\n<tr>\n<td class=\"col-xs-3\">Clavier fourni<\/td>\n<td>Option<\/td>\n<\/tr>\n<tr>\n<td class=\"col-xs-3\"><\/td>\n<td><strong>Poids et dimensions<\/strong><\/td>\n<\/tr>\n<tr>\n<td class=\"col-xs-3\">Hauteur<\/td>\n<td>44.4 (32.7 \u00e9cran seulement) cm<\/td>\n<\/tr>\n<tr>\n<td class=\"col-xs-3\">Largeur<\/td>\n<td>54.0 cm<\/td>\n<\/tr>\n<tr>\n<td class=\"col-xs-3\">Profondeur<\/td>\n<td>20.2 (avec pied) \/ 4.5 (dalle sans pied) cm<\/td>\n<\/tr>\n<tr>\n<td class=\"col-xs-3\">Poids<\/td>\n<td>3.9 kg<\/td>\n<\/tr>\n<tr>\n<td class=\"col-xs-3\"><\/td>\n<td><strong>Autres caract\u00e9ristiques<\/strong><\/td>\n<\/tr>\n<tr>\n<td class=\"col-xs-3\">Connecteurs d&rsquo;extension<\/td>\n<td>1x 2.5&Prime; SSD<\/td>\n<\/tr>\n<tr>\n<td class=\"col-xs-3\">Interface<\/td>\n<td>HDMI, LAN RJ-45, 4x USB 3.2 Gen2, 1x microphone ,1x entr\u00e9e de ligne audio, DC-in<\/td>\n<\/tr>\n<tr>\n<td class=\"col-xs-3\">Syst\u00e8mes d&rsquo;exploitation compatibles<\/td>\n<td>Windows 10<\/td>\n<\/tr>\n<tr>\n<td class=\"col-xs-3\">Capacit\u00e9 de refroidissement maximale<\/td>\n<td>Actif<\/td>\n<\/tr>\n<tr>\n<td class=\"col-xs-3\">Caract\u00e9ristiques sp\u00e9ciales<\/td>\n<td>2x haut-parleurs 3W<br \/>\nBluetooth<br \/>\nTPM 2.0<br \/>\nInclinaison<br \/>\ncouleur: argent (front + pied)<br \/>\nOptionnell: VESA<\/td>\n<\/tr>\n<tr>\n<td class=\"col-xs-3\"><\/td>\n<td><strong>Design<\/strong><\/td>\n<\/tr>\n<tr>\n<td class=\"col-xs-3\">Certification<\/td>\n<td>Assemblage en Allemagne selon la norme ISO9001<br \/>\nCompatibilit\u00e9: SMBios (DMI), EnergyStar (Valid only for U.S.), EN62368-1, EN55032, EN55035, EN61000-3-2\/3, EN62623, 89\/336\/ECC<\/td>\n<\/tr>\n<tr>\n<td class=\"col-xs-3\">Format<\/td>\n<td>Tout en un<\/td>\n<\/tr>\n<tr>\n<td class=\"col-xs-3\"><\/td>\n<td><strong>Souris<\/strong><\/td>\n<\/tr>\n<tr>\n<td class=\"col-xs-3\">Souris incluse<\/td>\n<td>Option<\/td>\n<\/tr>\n<tr>\n<td class=\"col-xs-3\"><\/td>\n<td><strong>Graphique<\/strong><\/td>\n<\/tr>\n<tr>\n<td class=\"col-xs-3\">R\u00e9solution maximale<\/td>\n<td>HDMI 1.4a jusqu&rsquo;\u00e0 4096&#215;2304 @ 60 Hz (4K),<br \/>\nSupporte le double affichage<\/td>\n<\/tr>\n<tr>\n<td class=\"col-xs-3\">M\u00e9moire de la carte graphique int\u00e9gr\u00e9e<\/td>\n<td>Dynamic. Jusqu&rsquo;\u00e0 1 Go partag\u00e9<\/td>\n<\/tr>\n<tr>\n<td class=\"col-xs-3\">Adaptateur graphique<\/td>\n<td>Intel UHD Graphics 620<\/td>\n<\/tr>\n<tr>\n<td class=\"col-xs-3\">Mod\u00e8le d&rsquo;adaptateur graphique inclus<\/td>\n<td>Intel UHD Graphics 620<\/td>\n<\/tr>\n<tr>\n<td class=\"col-xs-3\">Type de carte graphique<\/td>\n<td>Int\u00e9gr\u00e9<\/td>\n<\/tr>\n<tr>\n<td class=\"col-xs-3\"><\/td>\n<td><strong>Puissance<\/strong><\/td>\n<\/tr>\n<tr>\n<td class=\"col-xs-3\">Source d&rsquo;alimentation<\/td>\n<td>Alimentation externe sans ventilateur<\/td>\n<\/tr>\n<tr>\n<td class=\"col-xs-3\">Puissance d&rsquo;alimentation max.<\/td>\n<td>65 Watt<\/td>\n<\/tr>\n<tr>\n<td class=\"col-xs-3\">Tension d&rsquo;entr\u00e9e de l&rsquo;adaptateur secteur<\/td>\n<td>Env. 100\/240 V (50\/60 Mhz)<\/td>\n<\/tr>\n<tr>\n<td class=\"col-xs-3\"><\/td>\n<td><strong>Conditions environnementales<\/strong><\/td>\n<\/tr>\n<tr>\n<td class=\"col-xs-3\">Temp\u00e9rature d&rsquo;op\u00e9ration<\/td>\n<td>5\u00b0 C &#8211; 35\u00b0 C<\/td>\n<\/tr>\n<tr>\n<td class=\"col-xs-3\">Degr\u00e9 d&rsquo;humidit\u00e9 recommand\u00e9 pour utilisation<\/td>\n<td>10 &#8211; 75 % (sans condensation)<\/td>\n<\/tr>\n<tr>\n<td class=\"col-xs-3\"><\/td>\n<td><strong>R\u00e9seau<\/strong><\/td>\n<\/tr>\n<tr>\n<td class=\"col-xs-3\">Ethernet (LAN)<\/td>\n<td>Adaptateur r\u00e9seau &#8211; int\u00e9gr\u00e9<\/td>\n<\/tr>\n<tr>\n<td class=\"col-xs-3\">Contr\u00f4leur de r\u00e9seau local (LAN)<\/td>\n<td>Intel i219V, Gigabit LAN, WOL + PXE<\/td>\n<\/tr>\n<tr>\n<td class=\"col-xs-3\">Standards wifi<\/td>\n<td>Intel\u00ae Dual Band Wireless-AC 9260<br \/>\nBandes: 2.4Ghz, 5Ghz (160Mhz)<br \/>\nDual Stream<br \/>\nIEEE 802.11 ac<\/td>\n<\/tr>\n<tr>\n<td class=\"col-xs-3\">Protocoles de liaison de donn\u00e9es<\/td>\n<td>Ethernet, Fast Ethernet, Gigabit Ethernet, IEEE 802.11ac<br \/>\nBluetooth 5.0<\/td>\n<\/tr>\n<tr>\n<td class=\"col-xs-3\"><\/td>\n<td><strong>Dispositif d&rsquo;entr\u00e9e<\/strong><\/td>\n<\/tr>\n<tr>\n<td class=\"col-xs-3\">Interface de l&rsquo;appareil<\/td>\n<td>USB<\/td>\n<\/tr>\n<tr>\n<td class=\"col-xs-3\"><\/td>\n<td><strong>Audio<\/strong><\/td>\n<\/tr>\n<tr>\n<td class=\"col-xs-3\">Canaux de sortie audio<\/td>\n<td>Surround canal 5.1<\/td>\n<\/tr>\n<\/tbody>\n<\/table>\n","protected":false},"excerpt":{"rendered":"<p>Le TERRA PC All-In-One est tr\u00e8s fin et pos\u00e8de un design sans cadre. Avec son processeur Intel Core i3 haute performance, le TERRA AIO 2400 est tr\u00e8s silencieux.<\/p>\n<p>Sa consommation d&rsquo;\u00e9nergie est r\u00e9duite gr\u00e2ce \u00e0 la technologie des processeurs Intel. Les TERRA PC All-in-One sont parfaits pour tous les environnements de travail.<\/p>\n<p>Combin\u00e9 avec un clavier\/souris sans fil, optez pour un poste de travail tr\u00e8s \u00e9l\u00e9gant.<\/p>\n<p>&nbsp;<\/p>\n","protected":false},"featured_media":392,"comment_status":"closed","ping_status":"closed","template":"","meta":{"spay_email":""},"product_cat":[43],"product_tag":[],"class_list":["post-391","product","type-product","status-publish","has-post-thumbnail","hentry","product_cat-tout-en-un"],"_links":{"self":[{"href":"http:\/\/www.sablone.fr\/1\/wp-json\/wp\/v2\/product\/391","targetHints":{"allow":["GET"]}}],"collection":[{"href":"http:\/\/www.sablone.fr\/1\/wp-json\/wp\/v2\/product"}],"about":[{"href":"http:\/\/www.sablone.fr\/1\/wp-json\/wp\/v2\/types\/product"}],"replies":[{"embeddable":true,"href":"http:\/\/www.sablone.fr\/1\/wp-json\/wp\/v2\/comments?post=391"}],"wp:featuredmedia":[{"embeddable":true,"href":"http:\/\/www.sablone.fr\/1\/wp-json\/wp\/v2\/media\/392"}],"wp:attachment":[{"href":"http:\/\/www.sablone.fr\/1\/wp-json\/wp\/v2\/media?parent=391"}],"wp:term":[{"taxonomy":"product_cat","embeddable":true,"href":"http:\/\/www.sablone.fr\/1\/wp-json\/wp\/v2\/product_cat?post=391"},{"taxonomy":"product_tag","embeddable":true,"href":"http:\/\/www.sablone.fr\/1\/wp-json\/wp\/v2\/product_tag?post=391"}],"curies":[{"name":"wp","href":"https:\/\/api.w.org\/{rel}","templated":true}]}}