{"id":646,"date":"2021-08-29T08:47:38","date_gmt":"2021-08-29T08:47:38","guid":{"rendered":"https:\/\/www.sablone.fr\/1\/?page_id=646"},"modified":"2021-08-29T08:49:35","modified_gmt":"2021-08-29T08:49:35","slug":"donnees-personnelles","status":"publish","type":"page","link":"http:\/\/www.sablone.fr\/1\/donnees-personnelles\/","title":{"rendered":"Donn\u00e9es personnelles"},"content":{"rendered":"\n<p><\/p>\n\n\n\n<p>Chez C-ISI, nous consid\u00e9rons que vous devez avoir le contr\u00f4le sur vos donn\u00e9es. En dehors des quelques obligations l\u00e9gales auxquelles nous sommes soumis, vous seul.e pouvez accepter qu\u2019elles soient utilis\u00e9es par C-ISI. Nous nous engageons \u00e0 ne jamais vendre ou louer ces donn\u00e9es. Si nous nous appuyons parfois sur des sous-traitants, ils n\u2019agissent que pour notre propre compte et conform\u00e9ment \u00e0 nos instructions. A tout moment, vous pouvez nous contacter pour effacer l&rsquo;ensemble de vos donn\u00e9es, par courriel.<\/p>\n","protected":false},"excerpt":{"rendered":"<p>Chez C-ISI, nous consid\u00e9rons que vous devez avoir le contr\u00f4le sur vos donn\u00e9es. En dehors des quelques obligations l\u00e9gales auxquelles nous sommes soumis, vous seul.e pouvez accepter qu\u2019elles soient utilis\u00e9es par C-ISI. Nous nous engageons \u00e0 ne jamais vendre ou louer ces donn\u00e9es. Si nous nous appuyons parfois sur des sous-traitants, ils n\u2019agissent que pour [&hellip;]<\/p>\n","protected":false},"author":2,"featured_media":0,"parent":0,"menu_order":0,"comment_status":"closed","ping_status":"closed","template":"","meta":{"spay_email":"","footnotes":""},"class_list":["post-646","page","type-page","status-publish","hentry"],"_links":{"self":[{"href":"http:\/\/www.sablone.fr\/1\/wp-json\/wp\/v2\/pages\/646","targetHints":{"allow":["GET"]}}],"collection":[{"href":"http:\/\/www.sablone.fr\/1\/wp-json\/wp\/v2\/pages"}],"about":[{"href":"http:\/\/www.sablone.fr\/1\/wp-json\/wp\/v2\/types\/page"}],"author":[{"embeddable":true,"href":"http:\/\/www.sablone.fr\/1\/wp-json\/wp\/v2\/users\/2"}],"replies":[{"embeddable":true,"href":"http:\/\/www.sablone.fr\/1\/wp-json\/wp\/v2\/comments?post=646"}],"version-history":[{"count":2,"href":"http:\/\/www.sablone.fr\/1\/wp-json\/wp\/v2\/pages\/646\/revisions"}],"predecessor-version":[{"id":651,"href":"http:\/\/www.sablone.fr\/1\/wp-json\/wp\/v2\/pages\/646\/revisions\/651"}],"wp:attachment":[{"href":"http:\/\/www.sablone.fr\/1\/wp-json\/wp\/v2\/media?parent=646"}],"curies":[{"name":"wp","href":"https:\/\/api.w.org\/{rel}","templated":true}]}}