{"id":3,"date":"2021-07-28T19:25:11","date_gmt":"2021-07-28T19:25:11","guid":{"rendered":"http:\/\/www.sablone.fr\/1\/?page_id=3"},"modified":"2021-08-29T09:00:00","modified_gmt":"2021-08-29T09:00:00","slug":"mentions-legales","status":"publish","type":"page","link":"http:\/\/www.sablone.fr\/1\/mentions-legales\/","title":{"rendered":"Mentions l\u00e9gales"},"content":{"rendered":"\n<p>C-ISI est joignable :<\/p>\n\n\n\n<ul class=\"wp-block-list\"><li>&#8211; Par internet : via le formulaire de contact\u00a0sur le site C-ISI.fr<\/li><li>&#8211; Par t\u00e9l\u00e9phone au 03 89 32 22 76 du lundi au vendredi de 8h \u00e0 18h<\/li><li>&#8211; Par voie postale : C-ISI 4 rue du G\u00e9n\u00e9ral de Gaulle 68800 Thann, Haut-Rhin<\/li><\/ul>\n\n\n\n<p>Le pr\u00e9sent site est prot\u00e9g\u00e9 au titre de la propri\u00e9t\u00e9 intellectuelle, notamment droits d&rsquo;auteurs, dessins et mod\u00e8les, marques, noms de domaine, brevets, savoir-faire, logiciels ou bases de donn\u00e9es. <\/p>\n\n\n\n<p>C-ISI et\/ou ses partenaires reste(nt) propri\u00e9taire(s) de l&rsquo;ensemble de ces contenus et droits associ\u00e9s.<br>Sur ces contenus, C-ISI vous accorde une licence limit\u00e9e, non-exclusive, r\u00e9vocable, sans droit de sous-licencier pour les simples acc\u00e8s, navigation et utilisation li\u00e9s au pr\u00e9sent Site. Cette licence ne vous accorde aucun autre droit, en particulier d&rsquo;exploitation commerciale de ces contenus.<\/p>\n\n\n\n<p>C-ISI.fr vous permet de prendre connaissance des prix des produits pratiqu\u00e9s dans les magasins C-ISI situ\u00e9s en France m\u00e9tropolitaine. Les prix affich\u00e9s peuvent varier selon la politique commerciale de C-ISI.<br>Par ailleurs, l&rsquo;internaute est inform\u00e9 que les offres de produits et prix propos\u00e9s \u00e0 l&rsquo;achat dans les magasins C-ISI ne sont pas applicables aux achats en ligne sur le site www.c-isi.fr et inversement.<\/p>\n","protected":false},"excerpt":{"rendered":"<p>C-ISI est joignable : &#8211; Par internet : via le formulaire de contact\u00a0sur le site C-ISI.fr &#8211; Par t\u00e9l\u00e9phone au 03 89 32 22 76 du lundi au vendredi de 8h \u00e0 18h &#8211; Par voie postale : C-ISI 4 rue du G\u00e9n\u00e9ral de Gaulle 68800 Thann, Haut-Rhin Le pr\u00e9sent site est prot\u00e9g\u00e9 au titre [&hellip;]<\/p>\n","protected":false},"author":1,"featured_media":0,"parent":0,"menu_order":0,"comment_status":"closed","ping_status":"closed","template":"","meta":{"spay_email":"","footnotes":""},"class_list":["post-3","page","type-page","status-publish","hentry"],"_links":{"self":[{"href":"http:\/\/www.sablone.fr\/1\/wp-json\/wp\/v2\/pages\/3","targetHints":{"allow":["GET"]}}],"collection":[{"href":"http:\/\/www.sablone.fr\/1\/wp-json\/wp\/v2\/pages"}],"about":[{"href":"http:\/\/www.sablone.fr\/1\/wp-json\/wp\/v2\/types\/page"}],"author":[{"embeddable":true,"href":"http:\/\/www.sablone.fr\/1\/wp-json\/wp\/v2\/users\/1"}],"replies":[{"embeddable":true,"href":"http:\/\/www.sablone.fr\/1\/wp-json\/wp\/v2\/comments?post=3"}],"version-history":[{"count":1,"href":"http:\/\/www.sablone.fr\/1\/wp-json\/wp\/v2\/pages\/3\/revisions"}],"predecessor-version":[{"id":659,"href":"http:\/\/www.sablone.fr\/1\/wp-json\/wp\/v2\/pages\/3\/revisions\/659"}],"wp:attachment":[{"href":"http:\/\/www.sablone.fr\/1\/wp-json\/wp\/v2\/media?parent=3"}],"curies":[{"name":"wp","href":"https:\/\/api.w.org\/{rel}","templated":true}]}}